{"id":124,"date":"2020-11-28T11:46:46","date_gmt":"2020-11-28T11:46:46","guid":{"rendered":"http:\/\/piedadmoratanutricion.com\/?page_id=124"},"modified":"2025-01-08T09:28:44","modified_gmt":"2025-01-08T09:28:44","slug":"cirugia-de-la-obesidad","status":"publish","type":"page","link":"https:\/\/piedadmoratanutricion.com\/index.php\/cirugia-de-la-obesidad\/","title":{"rendered":"Cirug\u00eda de la obesidad"},"content":{"rendered":"\t\t<div data-elementor-type=\"wp-page\" data-elementor-id=\"124\" class=\"elementor elementor-124\" data-elementor-settings=\"[]\">\n\t\t\t\t\t\t<div class=\"elementor-inner\">\n\t\t\t\t\t\t\t<div class=\"elementor-section-wrap\">\n\t\t\t\t\t\t\t<section class=\"elementor-section elementor-top-section elementor-element elementor-element-95dfe33 elementor-section-boxed elementor-section-height-default elementor-section-height-default\" data-id=\"95dfe33\" data-element_type=\"section\">\n\t\t\t\t\t\t<div class=\"elementor-container elementor-column-gap-default\">\n\t\t\t\t\t\t\t<div class=\"elementor-row\">\n\t\t\t\t\t<div class=\"elementor-column elementor-col-50 elementor-top-column elementor-element elementor-element-a926e3d\" data-id=\"a926e3d\" data-element_type=\"column\">\n\t\t\t<div class=\"elementor-column-wrap elementor-element-populated\">\n\t\t\t\t\t\t\t<div class=\"elementor-widget-wrap\">\n\t\t\t\t\t\t<div class=\"elementor-element elementor-element-b052411 elementor-widget elementor-widget-heading\" data-id=\"b052411\" data-element_type=\"widget\" data-widget_type=\"heading.default\">\n\t\t\t\t<div class=\"elementor-widget-container\">\n\t\t\t<h1 class=\"elementor-heading-title elementor-size-xl\">TRATAMIENTO DE LA OBESIDAD<br>M\u00e1s all\u00e1 de la alimentaci\u00f3n.<\/h1>\t\t<\/div>\n\t\t\t\t<\/div>\n\t\t\t\t<div class=\"elementor-element elementor-element-cebed55 elementor-widget elementor-widget-text-editor\" data-id=\"cebed55\" data-element_type=\"widget\" data-widget_type=\"text-editor.default\">\n\t\t\t\t<div class=\"elementor-widget-container\">\n\t\t\t\t\t<div class=\"elementor-text-editor elementor-clearfix\"><p><span style=\"font-weight: 400;\">\u00bfSab\u00edas que las personas operadas de cirug\u00eda de la obesidad o sometidas a t\u00e9cnicas endosc\u00f3picas deben seguir unos protocolos alimentarios estrictos?\u00a0<\/span><\/p><p><span style=\"font-weight: 400;\">Si eres una de esas personas este servicio es para ti.<\/span><\/p><\/div>\n\t\t\t\t<\/div>\n\t\t\t\t<\/div>\n\t\t\t\t\t\t<\/div>\n\t\t\t\t\t<\/div>\n\t\t<\/div>\n\t\t\t\t<div class=\"elementor-column elementor-col-50 elementor-top-column elementor-element elementor-element-46c5b2b\" data-id=\"46c5b2b\" data-element_type=\"column\">\n\t\t\t<div class=\"elementor-column-wrap\">\n\t\t\t\t\t\t\t<div class=\"elementor-widget-wrap\">\n\t\t\t\t\t\t\t\t<\/div>\n\t\t\t\t\t<\/div>\n\t\t<\/div>\n\t\t\t\t\t\t\t\t<\/div>\n\t\t\t\t\t<\/div>\n\t\t<\/section>\n\t\t\t\t<section class=\"elementor-section elementor-top-section elementor-element elementor-element-3c6591e elementor-section-boxed elementor-section-height-default elementor-section-height-default\" data-id=\"3c6591e\" data-element_type=\"section\" data-settings=\"{&quot;background_background&quot;:&quot;classic&quot;}\">\n\t\t\t\t\t\t<div class=\"elementor-container elementor-column-gap-default\">\n\t\t\t\t\t\t\t<div class=\"elementor-row\">\n\t\t\t\t\t<div class=\"elementor-column elementor-col-100 elementor-top-column elementor-element elementor-element-95e3364\" data-id=\"95e3364\" data-element_type=\"column\">\n\t\t\t<div class=\"elementor-column-wrap elementor-element-populated\">\n\t\t\t\t\t\t\t<div class=\"elementor-widget-wrap\">\n\t\t\t\t\t\t<section class=\"elementor-section elementor-inner-section elementor-element elementor-element-a6e9fc1 elementor-section-boxed elementor-section-height-default elementor-section-height-default\" data-id=\"a6e9fc1\" data-element_type=\"section\">\n\t\t\t\t\t\t<div class=\"elementor-container elementor-column-gap-default\">\n\t\t\t\t\t\t\t<div class=\"elementor-row\">\n\t\t\t\t\t<div class=\"elementor-column elementor-col-50 elementor-inner-column elementor-element elementor-element-cb297ed\" data-id=\"cb297ed\" data-element_type=\"column\">\n\t\t\t<div class=\"elementor-column-wrap elementor-element-populated\">\n\t\t\t\t\t\t\t<div class=\"elementor-widget-wrap\">\n\t\t\t\t\t\t<div class=\"elementor-element elementor-element-e23b0dc elementor-widget elementor-widget-image\" data-id=\"e23b0dc\" data-element_type=\"widget\" data-widget_type=\"image.default\">\n\t\t\t\t<div class=\"elementor-widget-container\">\n\t\t\t\t\t<div class=\"elementor-image\">\n\t\t\t\t\t\t\t\t\t\t<img loading=\"lazy\" decoding=\"async\" width=\"1000\" height=\"1000\" src=\"https:\/\/piedadmoratanutricion.com\/wp-content\/uploads\/2020\/12\/gordinfla.jpg\" class=\"attachment-large size-large\" alt=\"\" srcset=\"https:\/\/piedadmoratanutricion.com\/wp-content\/uploads\/2020\/12\/gordinfla.jpg 1000w, https:\/\/piedadmoratanutricion.com\/wp-content\/uploads\/2020\/12\/gordinfla-300x300.jpg 300w, https:\/\/piedadmoratanutricion.com\/wp-content\/uploads\/2020\/12\/gordinfla-150x150.jpg 150w, https:\/\/piedadmoratanutricion.com\/wp-content\/uploads\/2020\/12\/gordinfla-768x768.jpg 768w\" sizes=\"(max-width: 1000px) 100vw, 1000px\" \/>\t\t\t\t\t\t\t\t\t\t\t<\/div>\n\t\t\t\t<\/div>\n\t\t\t\t<\/div>\n\t\t\t\t\t\t<\/div>\n\t\t\t\t\t<\/div>\n\t\t<\/div>\n\t\t\t\t<div class=\"elementor-column elementor-col-50 elementor-inner-column elementor-element elementor-element-366d600\" data-id=\"366d600\" data-element_type=\"column\">\n\t\t\t<div class=\"elementor-column-wrap elementor-element-populated\">\n\t\t\t\t\t\t\t<div class=\"elementor-widget-wrap\">\n\t\t\t\t\t\t<div class=\"elementor-element elementor-element-bab6d61 elementor-widget elementor-widget-heading\" data-id=\"bab6d61\" data-element_type=\"widget\" data-widget_type=\"heading.default\">\n\t\t\t\t<div class=\"elementor-widget-container\">\n\t\t\t<h2 class=\"elementor-heading-title elementor-size-large\">Primeros pasos<\/h2>\t\t<\/div>\n\t\t\t\t<\/div>\n\t\t\t\t<div class=\"elementor-element elementor-element-2425a8a elementor-widget elementor-widget-text-editor\" data-id=\"2425a8a\" data-element_type=\"widget\" data-widget_type=\"text-editor.default\">\n\t\t\t\t<div class=\"elementor-widget-container\">\n\t\t\t\t\t<div class=\"elementor-text-editor elementor-clearfix\"><p><span style=\"font-weight: 400;\">El primer eslab\u00f3n para tratar la obesidad se basa en la educaci\u00f3n alimentaria (cambio de h\u00e1bitos hacia una alimentaci\u00f3n saludable). Si es cierto que en ocasiones este no llega a ser suficiente, teniendo que recurrir a otros tratamientos como puede ser el uso de f\u00e1rmacos, t\u00e9cnicas endosc\u00f3picas de reducci\u00f3n de est\u00f3mago o incluso cirug\u00eda de la obesidad para conseguir una mayor bajada de peso.&nbsp;<\/span><\/p>\n<p><span style=\"font-weight: 400;\">La soluci\u00f3n a la obesidad no s\u00f3lo se consigue con la intervenci\u00f3n quir\u00fargica, sino que requiere de un adecuado tratamiento y seguimiento nutricional por parte tanto del especialista como del paciente para garantizar el \u00e9xito de la intervenci\u00f3n, al final lo que determinar\u00e1 si dicha intervenci\u00f3n ha resultado exitosa depender\u00e1 de la actitud y compromiso por parte del paciente, as\u00ed como de la adherencia&nbsp; a las pautas alimentarias e indicaciones del especialista no sin ello teniendo en cuenta la labor de acompa\u00f1ar y apoyar durante todo el proceso del cambio por parte del especialista.&nbsp;<\/span><\/p><\/div>\n\t\t\t\t<\/div>\n\t\t\t\t<\/div>\n\t\t\t\t\t\t<\/div>\n\t\t\t\t\t<\/div>\n\t\t<\/div>\n\t\t\t\t\t\t\t\t<\/div>\n\t\t\t\t\t<\/div>\n\t\t<\/section>\n\t\t\t\t\t\t<\/div>\n\t\t\t\t\t<\/div>\n\t\t<\/div>\n\t\t\t\t\t\t\t\t<\/div>\n\t\t\t\t\t<\/div>\n\t\t<\/section>\n\t\t\t\t<section class=\"elementor-section elementor-top-section elementor-element elementor-element-580c20d elementor-section-boxed elementor-section-height-default elementor-section-height-default\" data-id=\"580c20d\" data-element_type=\"section\" data-settings=\"{&quot;background_background&quot;:&quot;classic&quot;}\">\n\t\t\t\t\t\t<div class=\"elementor-container elementor-column-gap-default\">\n\t\t\t\t\t\t\t<div class=\"elementor-row\">\n\t\t\t\t\t<div class=\"elementor-column elementor-col-100 elementor-top-column elementor-element elementor-element-3224036\" data-id=\"3224036\" data-element_type=\"column\">\n\t\t\t<div class=\"elementor-column-wrap elementor-element-populated\">\n\t\t\t\t\t\t\t<div class=\"elementor-widget-wrap\">\n\t\t\t\t\t\t<section class=\"elementor-section elementor-inner-section elementor-element elementor-element-4225d85 elementor-section-boxed elementor-section-height-default elementor-section-height-default\" data-id=\"4225d85\" data-element_type=\"section\">\n\t\t\t\t\t\t<div class=\"elementor-container elementor-column-gap-default\">\n\t\t\t\t\t\t\t<div class=\"elementor-row\">\n\t\t\t\t\t<div class=\"elementor-column elementor-col-50 elementor-inner-column elementor-element elementor-element-2a11c46\" data-id=\"2a11c46\" data-element_type=\"column\">\n\t\t\t<div class=\"elementor-column-wrap elementor-element-populated\">\n\t\t\t\t\t\t\t<div class=\"elementor-widget-wrap\">\n\t\t\t\t\t\t<div class=\"elementor-element elementor-element-5cff20e elementor-widget elementor-widget-heading\" data-id=\"5cff20e\" data-element_type=\"widget\" data-widget_type=\"heading.default\">\n\t\t\t\t<div class=\"elementor-widget-container\">\n\t\t\t<h2 class=\"elementor-heading-title elementor-size-large\">Seguimiento nutricional con:<\/h2>\t\t<\/div>\n\t\t\t\t<\/div>\n\t\t\t\t<div class=\"elementor-element elementor-element-e1c2c83 elementor-widget elementor-widget-text-editor\" data-id=\"e1c2c83\" data-element_type=\"widget\" data-widget_type=\"text-editor.default\">\n\t\t\t\t<div class=\"elementor-widget-container\">\n\t\t\t\t\t<div class=\"elementor-text-editor elementor-clearfix\"><ul><li style=\"font-weight: 400;\"><span style=\"font-weight: 400;\">F\u00e1rmacos para la obesidad.<\/span><\/li><li style=\"font-weight: 400;\"><span style=\"font-weight: 400;\">T\u00e9cnicas endosc\u00f3picas: Bal\u00f3n intrag\u00e1strico, M\u00e9todo APOLLO\/ENDOMANGA\/MEGA<\/span><\/li><li style=\"font-weight: 400;\"><span style=\"font-weight: 400;\">Cirug\u00eda: Manga g\u00e1strica, Bypass G\u00e1strico, Derivaci\u00f3n Bilio- Pancre\u00e1tica<\/span><\/li><\/ul><\/div>\n\t\t\t\t<\/div>\n\t\t\t\t<\/div>\n\t\t\t\t\t\t<\/div>\n\t\t\t\t\t<\/div>\n\t\t<\/div>\n\t\t\t\t<div class=\"elementor-column elementor-col-50 elementor-inner-column elementor-element elementor-element-cafd7d7\" data-id=\"cafd7d7\" data-element_type=\"column\">\n\t\t\t<div class=\"elementor-column-wrap elementor-element-populated\">\n\t\t\t\t\t\t\t<div class=\"elementor-widget-wrap\">\n\t\t\t\t\t\t<div class=\"elementor-element elementor-element-d14600b elementor-widget elementor-widget-image\" data-id=\"d14600b\" data-element_type=\"widget\" data-widget_type=\"image.default\">\n\t\t\t\t<div class=\"elementor-widget-container\">\n\t\t\t\t\t<div class=\"elementor-image\">\n\t\t\t\t\t\t\t\t\t\t<img loading=\"lazy\" decoding=\"async\" width=\"1024\" height=\"667\" src=\"https:\/\/piedadmoratanutricion.com\/wp-content\/uploads\/2020\/12\/consulta-1024x667.jpg\" class=\"attachment-large size-large\" alt=\"\" srcset=\"https:\/\/piedadmoratanutricion.com\/wp-content\/uploads\/2020\/12\/consulta-1024x667.jpg 1024w, https:\/\/piedadmoratanutricion.com\/wp-content\/uploads\/2020\/12\/consulta-300x195.jpg 300w, https:\/\/piedadmoratanutricion.com\/wp-content\/uploads\/2020\/12\/consulta-768x500.jpg 768w, https:\/\/piedadmoratanutricion.com\/wp-content\/uploads\/2020\/12\/consulta-1536x1000.jpg 1536w, https:\/\/piedadmoratanutricion.com\/wp-content\/uploads\/2020\/12\/consulta.jpg 1642w\" sizes=\"(max-width: 1024px) 100vw, 1024px\" \/>\t\t\t\t\t\t\t\t\t\t\t<\/div>\n\t\t\t\t<\/div>\n\t\t\t\t<\/div>\n\t\t\t\t\t\t<\/div>\n\t\t\t\t\t<\/div>\n\t\t<\/div>\n\t\t\t\t\t\t\t\t<\/div>\n\t\t\t\t\t<\/div>\n\t\t<\/section>\n\t\t\t\t\t\t<\/div>\n\t\t\t\t\t<\/div>\n\t\t<\/div>\n\t\t\t\t\t\t\t\t<\/div>\n\t\t\t\t\t<\/div>\n\t\t<\/section>\n\t\t\t\t<section class=\"elementor-section elementor-top-section elementor-element elementor-element-a243e3d elementor-section-boxed elementor-section-height-default elementor-section-height-default\" data-id=\"a243e3d\" data-element_type=\"section\" data-settings=\"{&quot;background_background&quot;:&quot;classic&quot;}\">\n\t\t\t\t\t\t<div class=\"elementor-container elementor-column-gap-default\">\n\t\t\t\t\t\t\t<div class=\"elementor-row\">\n\t\t\t\t\t<div class=\"elementor-column elementor-col-100 elementor-top-column elementor-element elementor-element-54a28a7\" data-id=\"54a28a7\" data-element_type=\"column\">\n\t\t\t<div class=\"elementor-column-wrap elementor-element-populated\">\n\t\t\t\t\t\t\t<div class=\"elementor-widget-wrap\">\n\t\t\t\t\t\t<div class=\"elementor-element elementor-element-b7c5128 elementor-widget elementor-widget-heading\" data-id=\"b7c5128\" data-element_type=\"widget\" data-widget_type=\"heading.default\">\n\t\t\t\t<div class=\"elementor-widget-container\">\n\t\t\t<h2 class=\"elementor-heading-title elementor-size-default\">\u00bfTienes dudas?<\/h2>\t\t<\/div>\n\t\t\t\t<\/div>\n\t\t\t\t<div class=\"elementor-element elementor-element-710ec35 elementor-align-center elementor-mobile-align-justify elementor-widget elementor-widget-button\" data-id=\"710ec35\" data-element_type=\"widget\" data-widget_type=\"button.default\">\n\t\t\t\t<div class=\"elementor-widget-container\">\n\t\t\t\t\t<div class=\"elementor-button-wrapper\">\n\t\t\t<a href=\"http:\/\/piedadmoratanutricion.com\/index.php\/300f0-web-agency-contact\/\" class=\"elementor-button-link elementor-button elementor-size-lg\" role=\"button\">\n\t\t\t\t\t\t<span class=\"elementor-button-content-wrapper\">\n\t\t\t\t\t\t<span class=\"elementor-button-text\">CONTACTA CONMIGO<\/span>\n\t\t<\/span>\n\t\t\t\t\t<\/a>\n\t\t<\/div>\n\t\t\t\t<\/div>\n\t\t\t\t<\/div>\n\t\t\t\t\t\t<\/div>\n\t\t\t\t\t<\/div>\n\t\t<\/div>\n\t\t\t\t\t\t\t\t<\/div>\n\t\t\t\t\t<\/div>\n\t\t<\/section>\n\t\t\t\t\t\t<\/div>\n\t\t\t\t\t\t<\/div>\n\t\t\t\t\t<\/div>\n\t\t","protected":false},"excerpt":{"rendered":"<p>TRATAMIENTO DE LA OBESIDADM\u00e1s all\u00e1 de la alimentaci\u00f3n. \u00bfSab\u00edas que las personas operadas de cirug\u00eda de la obesidad o sometidas a t\u00e9cnicas endosc\u00f3picas deben seguir unos protocolos alimentarios estrictos?\u00a0 Si eres una de esas personas este servicio es para ti. Primeros pasos El primer eslab\u00f3n para tratar la obesidad se basa en la educaci\u00f3n alimentaria&hellip;&nbsp;<a href=\"https:\/\/piedadmoratanutricion.com\/index.php\/cirugia-de-la-obesidad\/\" class=\"\" rel=\"bookmark\">Leer m\u00e1s &raquo;<span class=\"screen-reader-text\">Cirug\u00eda de la obesidad<\/span><\/a><\/p>\n","protected":false},"author":1,"featured_media":0,"parent":0,"menu_order":0,"comment_status":"closed","ping_status":"closed","template":"elementor_header_footer","meta":{"neve_meta_sidebar":"full-width","neve_meta_container":"","neve_meta_enable_content_width":"on","neve_meta_content_width":100,"neve_meta_title_alignment":"","neve_meta_author_avatar":"","neve_post_elements_order":"","neve_meta_disable_header":"","neve_meta_disable_footer":"","neve_meta_disable_title":"","_ti_tpc_template_sync":false,"_ti_tpc_template_id":"","footnotes":""},"yoast_head":"<!-- This site is optimized with the Yoast SEO plugin v15.5 - https:\/\/yoast.com\/wordpress\/plugins\/seo\/ -->\n<title>Cirug\u00eda de la obesidad - Piedad Morata Nutrici\u00f3n<\/title>\n<meta name=\"robots\" content=\"index, follow, max-snippet:-1, max-image-preview:large, max-video-preview:-1\" \/>\n<link rel=\"canonical\" href=\"https:\/\/piedadmoratanutricion.com\/index.php\/cirugia-de-la-obesidad\/\" \/>\n<meta property=\"og:locale\" content=\"es_ES\" \/>\n<meta property=\"og:type\" content=\"article\" \/>\n<meta property=\"og:title\" content=\"Cirug\u00eda de la obesidad - Piedad Morata Nutrici\u00f3n\" \/>\n<meta property=\"og:description\" content=\"TRATAMIENTO DE LA OBESIDADM\u00e1s all\u00e1 de la alimentaci\u00f3n. \u00bfSab\u00edas que las personas operadas de cirug\u00eda de la obesidad o sometidas a t\u00e9cnicas endosc\u00f3picas deben seguir unos protocolos alimentarios estrictos?\u00a0 Si eres una de esas personas este servicio es para ti. Primeros pasos El primer eslab\u00f3n para tratar la obesidad se basa en la educaci\u00f3n alimentaria&hellip;&nbsp;Leer m\u00e1s &raquo;Cirug\u00eda de la obesidad\" \/>\n<meta property=\"og:url\" content=\"https:\/\/piedadmoratanutricion.com\/index.php\/cirugia-de-la-obesidad\/\" \/>\n<meta property=\"og:site_name\" content=\"Piedad Morata Nutrici\u00f3n\" \/>\n<meta property=\"article:modified_time\" content=\"2025-01-08T09:28:44+00:00\" \/>\n<meta property=\"og:image\" content=\"http:\/\/piedadmoratanutricion.com\/wp-content\/uploads\/2020\/12\/gordinfla.jpg\" \/>\n<meta name=\"twitter:card\" content=\"summary_large_image\" \/>\n<meta name=\"twitter:label1\" content=\"Tiempo de lectura\">\n\t<meta name=\"twitter:data1\" content=\"1 minuto\">\n<script type=\"application\/ld+json\" class=\"yoast-schema-graph\">{\"@context\":\"https:\/\/schema.org\",\"@graph\":[{\"@type\":\"WebSite\",\"@id\":\"http:\/\/piedadmoratanutricion.com\/#website\",\"url\":\"http:\/\/piedadmoratanutricion.com\/\",\"name\":\"Piedad Morata Nutrici\\u00f3n\",\"description\":\"\",\"potentialAction\":[{\"@type\":\"SearchAction\",\"target\":\"http:\/\/piedadmoratanutricion.com\/?s={search_term_string}\",\"query-input\":\"required name=search_term_string\"}],\"inLanguage\":\"es\"},{\"@type\":\"ImageObject\",\"@id\":\"https:\/\/piedadmoratanutricion.com\/index.php\/cirugia-de-la-obesidad\/#primaryimage\",\"inLanguage\":\"es\",\"url\":\"http:\/\/piedadmoratanutricion.com\/wp-content\/uploads\/2020\/12\/gordinfla.jpg\"},{\"@type\":\"WebPage\",\"@id\":\"https:\/\/piedadmoratanutricion.com\/index.php\/cirugia-de-la-obesidad\/#webpage\",\"url\":\"https:\/\/piedadmoratanutricion.com\/index.php\/cirugia-de-la-obesidad\/\",\"name\":\"Cirug\\u00eda de la obesidad - Piedad Morata Nutrici\\u00f3n\",\"isPartOf\":{\"@id\":\"http:\/\/piedadmoratanutricion.com\/#website\"},\"primaryImageOfPage\":{\"@id\":\"https:\/\/piedadmoratanutricion.com\/index.php\/cirugia-de-la-obesidad\/#primaryimage\"},\"datePublished\":\"2020-11-28T11:46:46+00:00\",\"dateModified\":\"2025-01-08T09:28:44+00:00\",\"inLanguage\":\"es\",\"potentialAction\":[{\"@type\":\"ReadAction\",\"target\":[\"https:\/\/piedadmoratanutricion.com\/index.php\/cirugia-de-la-obesidad\/\"]}]}]}<\/script>\n<!-- \/ Yoast SEO plugin. -->","_links":{"self":[{"href":"https:\/\/piedadmoratanutricion.com\/index.php\/wp-json\/wp\/v2\/pages\/124"}],"collection":[{"href":"https:\/\/piedadmoratanutricion.com\/index.php\/wp-json\/wp\/v2\/pages"}],"about":[{"href":"https:\/\/piedadmoratanutricion.com\/index.php\/wp-json\/wp\/v2\/types\/page"}],"author":[{"embeddable":true,"href":"https:\/\/piedadmoratanutricion.com\/index.php\/wp-json\/wp\/v2\/users\/1"}],"replies":[{"embeddable":true,"href":"https:\/\/piedadmoratanutricion.com\/index.php\/wp-json\/wp\/v2\/comments?post=124"}],"version-history":[{"count":40,"href":"https:\/\/piedadmoratanutricion.com\/index.php\/wp-json\/wp\/v2\/pages\/124\/revisions"}],"predecessor-version":[{"id":1021,"href":"https:\/\/piedadmoratanutricion.com\/index.php\/wp-json\/wp\/v2\/pages\/124\/revisions\/1021"}],"wp:attachment":[{"href":"https:\/\/piedadmoratanutricion.com\/index.php\/wp-json\/wp\/v2\/media?parent=124"}],"curies":[{"name":"wp","href":"https:\/\/api.w.org\/{rel}","templated":true}]}}