{"id":128,"date":"2020-11-28T11:48:20","date_gmt":"2020-11-28T11:48:20","guid":{"rendered":"http:\/\/piedadmoratanutricion.com\/?page_id=128"},"modified":"2025-01-08T09:22:23","modified_gmt":"2025-01-08T09:22:23","slug":"educacion-alimentaria","status":"publish","type":"page","link":"https:\/\/piedadmoratanutricion.com\/index.php\/educacion-alimentaria\/","title":{"rendered":"Educaci\u00f3n alimentaria"},"content":{"rendered":"\t\t<div data-elementor-type=\"wp-page\" data-elementor-id=\"128\" class=\"elementor elementor-128\" data-elementor-settings=\"[]\">\n\t\t\t\t\t\t<div class=\"elementor-inner\">\n\t\t\t\t\t\t\t<div class=\"elementor-section-wrap\">\n\t\t\t\t\t\t\t<section class=\"elementor-section elementor-top-section elementor-element elementor-element-95dfe33 elementor-section-boxed elementor-section-height-default elementor-section-height-default\" data-id=\"95dfe33\" data-element_type=\"section\" data-settings=\"{&quot;background_background&quot;:&quot;classic&quot;}\">\n\t\t\t\t\t\t\t<div class=\"elementor-background-overlay\"><\/div>\n\t\t\t\t\t\t\t<div class=\"elementor-container elementor-column-gap-default\">\n\t\t\t\t\t\t\t<div class=\"elementor-row\">\n\t\t\t\t\t<div class=\"elementor-column elementor-col-100 elementor-top-column elementor-element elementor-element-a926e3d\" data-id=\"a926e3d\" data-element_type=\"column\">\n\t\t\t<div class=\"elementor-column-wrap elementor-element-populated\">\n\t\t\t\t\t\t\t<div class=\"elementor-widget-wrap\">\n\t\t\t\t\t\t<div class=\"elementor-element elementor-element-b052411 elementor-widget elementor-widget-heading\" data-id=\"b052411\" data-element_type=\"widget\" data-widget_type=\"heading.default\">\n\t\t\t\t<div class=\"elementor-widget-container\">\n\t\t\t<h1 class=\"elementor-heading-title elementor-size-default\">EDUCACI\u00d3N ALIMENTARIA<\/h1>\t\t<\/div>\n\t\t\t\t<\/div>\n\t\t\t\t<div class=\"elementor-element elementor-element-cebed55 elementor-widget elementor-widget-text-editor\" data-id=\"cebed55\" data-element_type=\"widget\" data-widget_type=\"text-editor.default\">\n\t\t\t\t<div class=\"elementor-widget-container\">\n\t\t\t\t\t<div class=\"elementor-text-editor elementor-clearfix\"><p><span style=\"font-weight: 400;\">El servicio de nutrici\u00f3n y diet\u00e9tica tiene como objetivo ayudar a prevenir o tratar patolog\u00edas existentes, conseguir objetivos de peso saludables y adaptar la alimentaci\u00f3n a distintos momentos y situaciones de la vida (embarazo, lactancia, ni\u00f1ez, edad menopausia, edad avanzada).<\/span><\/p><\/div>\n\t\t\t\t<\/div>\n\t\t\t\t<\/div>\n\t\t\t\t\t\t<\/div>\n\t\t\t\t\t<\/div>\n\t\t<\/div>\n\t\t\t\t\t\t\t\t<\/div>\n\t\t\t\t\t<\/div>\n\t\t<\/section>\n\t\t\t\t<section class=\"elementor-section elementor-top-section elementor-element elementor-element-f04cda0 elementor-section-boxed elementor-section-height-default elementor-section-height-default\" data-id=\"f04cda0\" data-element_type=\"section\" data-settings=\"{&quot;background_background&quot;:&quot;classic&quot;}\">\n\t\t\t\t\t\t<div class=\"elementor-container elementor-column-gap-default\">\n\t\t\t\t\t\t\t<div class=\"elementor-row\">\n\t\t\t\t\t<div class=\"elementor-column elementor-col-100 elementor-top-column elementor-element elementor-element-9b554d3\" data-id=\"9b554d3\" data-element_type=\"column\">\n\t\t\t<div class=\"elementor-column-wrap elementor-element-populated\">\n\t\t\t\t\t\t\t<div class=\"elementor-widget-wrap\">\n\t\t\t\t\t\t<section class=\"elementor-section elementor-inner-section elementor-element elementor-element-75d9023 elementor-section-boxed elementor-section-height-default elementor-section-height-default\" data-id=\"75d9023\" data-element_type=\"section\">\n\t\t\t\t\t\t<div class=\"elementor-container elementor-column-gap-default\">\n\t\t\t\t\t\t\t<div class=\"elementor-row\">\n\t\t\t\t\t<div class=\"elementor-column elementor-col-50 elementor-inner-column elementor-element elementor-element-888c2d6\" data-id=\"888c2d6\" data-element_type=\"column\">\n\t\t\t<div class=\"elementor-column-wrap elementor-element-populated\">\n\t\t\t\t\t\t\t<div class=\"elementor-widget-wrap\">\n\t\t\t\t\t\t<div class=\"elementor-element elementor-element-014c234 elementor-widget elementor-widget-heading\" data-id=\"014c234\" data-element_type=\"widget\" data-widget_type=\"heading.default\">\n\t\t\t\t<div class=\"elementor-widget-container\">\n\t\t\t<h2 class=\"elementor-heading-title elementor-size-default\">Beneficios de una dieta personalizada<\/h2>\t\t<\/div>\n\t\t\t\t<\/div>\n\t\t\t\t<div class=\"elementor-element elementor-element-ecb75cc elementor-widget elementor-widget-text-editor\" data-id=\"ecb75cc\" data-element_type=\"widget\" data-widget_type=\"text-editor.default\">\n\t\t\t\t<div class=\"elementor-widget-container\">\n\t\t\t\t\t<div class=\"elementor-text-editor elementor-clearfix\"><ul><li style=\"font-weight: 400;\"><span style=\"font-weight: 400;\">Se consigue una\u00a0reeducaci\u00f3n alimentaria y adaptaci\u00f3n de los nuevos h\u00e1bitos alimentarios en el tiempo<\/span><\/li><li style=\"font-weight: 400;\"><span style=\"font-weight: 400;\">Los resultados se mantienen a largo plazo.\u00a0Se trabaja para no volver a recuperar el peso perdido<\/span><\/li><li style=\"font-weight: 400;\"><span style=\"font-weight: 400;\">Los planes alimentarios se elaboran en funci\u00f3n de las preferencias y aversiones del paciente, horarios y n\u00famero de comidas que realiza<\/span><\/li><li style=\"font-weight: 400;\"><span style=\"font-weight: 400;\">No se suprimen alimentos ni se hacen largas listas de restricciones<\/span><\/li><li style=\"font-weight: 400;\"><span style=\"font-weight: 400;\">Se proporcionan\u00a0herramientas para tener h\u00e1bitos de vida saludables<\/span><\/li><li style=\"font-weight: 400;\"><span style=\"font-weight: 400;\">Trucos para saber actuar frente a situaciones de ansiedad o tentaciones entre horas.<\/span><\/li><\/ul><\/div>\n\t\t\t\t<\/div>\n\t\t\t\t<\/div>\n\t\t\t\t\t\t<\/div>\n\t\t\t\t\t<\/div>\n\t\t<\/div>\n\t\t\t\t<div class=\"elementor-column elementor-col-50 elementor-inner-column elementor-element elementor-element-6064bf8\" data-id=\"6064bf8\" data-element_type=\"column\">\n\t\t\t<div class=\"elementor-column-wrap elementor-element-populated\">\n\t\t\t\t\t\t\t<div class=\"elementor-widget-wrap\">\n\t\t\t\t\t\t<div class=\"elementor-element elementor-element-2dab089 elementor-widget elementor-widget-image\" data-id=\"2dab089\" data-element_type=\"widget\" data-widget_type=\"image.default\">\n\t\t\t\t<div class=\"elementor-widget-container\">\n\t\t\t\t\t<div class=\"elementor-image\">\n\t\t\t\t\t\t\t\t\t\t<img loading=\"lazy\" decoding=\"async\" width=\"1000\" height=\"1000\" src=\"https:\/\/piedadmoratanutricion.com\/wp-content\/uploads\/2020\/12\/bowl_cuadrado.jpg\" class=\"attachment-large size-large\" alt=\"\" srcset=\"https:\/\/piedadmoratanutricion.com\/wp-content\/uploads\/2020\/12\/bowl_cuadrado.jpg 1000w, https:\/\/piedadmoratanutricion.com\/wp-content\/uploads\/2020\/12\/bowl_cuadrado-300x300.jpg 300w, https:\/\/piedadmoratanutricion.com\/wp-content\/uploads\/2020\/12\/bowl_cuadrado-150x150.jpg 150w, https:\/\/piedadmoratanutricion.com\/wp-content\/uploads\/2020\/12\/bowl_cuadrado-768x768.jpg 768w\" sizes=\"(max-width: 1000px) 100vw, 1000px\" \/>\t\t\t\t\t\t\t\t\t\t\t<\/div>\n\t\t\t\t<\/div>\n\t\t\t\t<\/div>\n\t\t\t\t\t\t<\/div>\n\t\t\t\t\t<\/div>\n\t\t<\/div>\n\t\t\t\t\t\t\t\t<\/div>\n\t\t\t\t\t<\/div>\n\t\t<\/section>\n\t\t\t\t\t\t<\/div>\n\t\t\t\t\t<\/div>\n\t\t<\/div>\n\t\t\t\t\t\t\t\t<\/div>\n\t\t\t\t\t<\/div>\n\t\t<\/section>\n\t\t\t\t<section class=\"elementor-section elementor-top-section elementor-element elementor-element-3c6591e elementor-section-boxed elementor-section-height-default elementor-section-height-default\" data-id=\"3c6591e\" data-element_type=\"section\" data-settings=\"{&quot;background_background&quot;:&quot;classic&quot;}\">\n\t\t\t\t\t\t\t<div class=\"elementor-background-overlay\"><\/div>\n\t\t\t\t\t\t\t<div class=\"elementor-container elementor-column-gap-default\">\n\t\t\t\t\t\t\t<div class=\"elementor-row\">\n\t\t\t\t\t<div class=\"elementor-column elementor-col-100 elementor-top-column elementor-element elementor-element-95e3364\" data-id=\"95e3364\" data-element_type=\"column\">\n\t\t\t<div class=\"elementor-column-wrap elementor-element-populated\">\n\t\t\t\t\t\t\t<div class=\"elementor-widget-wrap\">\n\t\t\t\t\t\t<section class=\"elementor-section elementor-inner-section elementor-element elementor-element-a6e9fc1 elementor-section-boxed elementor-section-height-default elementor-section-height-default\" data-id=\"a6e9fc1\" data-element_type=\"section\">\n\t\t\t\t\t\t<div class=\"elementor-container elementor-column-gap-default\">\n\t\t\t\t\t\t\t<div class=\"elementor-row\">\n\t\t\t\t\t<div class=\"elementor-column elementor-col-50 elementor-inner-column elementor-element elementor-element-cb297ed\" data-id=\"cb297ed\" data-element_type=\"column\">\n\t\t\t<div class=\"elementor-column-wrap elementor-element-populated\">\n\t\t\t\t\t\t\t<div class=\"elementor-widget-wrap\">\n\t\t\t\t\t\t<div class=\"elementor-element elementor-element-e23b0dc elementor-widget elementor-widget-image\" data-id=\"e23b0dc\" data-element_type=\"widget\" data-widget_type=\"image.default\">\n\t\t\t\t<div class=\"elementor-widget-container\">\n\t\t\t\t\t<div class=\"elementor-image\">\n\t\t\t\t\t\t\t\t\t\t<img loading=\"lazy\" decoding=\"async\" width=\"1024\" height=\"683\" src=\"https:\/\/piedadmoratanutricion.com\/wp-content\/uploads\/2020\/12\/otros_1-1024x683.jpeg\" class=\"attachment-large size-large\" alt=\"\" srcset=\"https:\/\/piedadmoratanutricion.com\/wp-content\/uploads\/2020\/12\/otros_1-1024x683.jpeg 1024w, https:\/\/piedadmoratanutricion.com\/wp-content\/uploads\/2020\/12\/otros_1-300x200.jpeg 300w, https:\/\/piedadmoratanutricion.com\/wp-content\/uploads\/2020\/12\/otros_1-768x512.jpeg 768w, https:\/\/piedadmoratanutricion.com\/wp-content\/uploads\/2020\/12\/otros_1-1536x1024.jpeg 1536w, https:\/\/piedadmoratanutricion.com\/wp-content\/uploads\/2020\/12\/otros_1-2048x1365.jpeg 2048w, https:\/\/piedadmoratanutricion.com\/wp-content\/uploads\/2020\/12\/otros_1-930x620.jpeg 930w\" sizes=\"(max-width: 1024px) 100vw, 1024px\" \/>\t\t\t\t\t\t\t\t\t\t\t<\/div>\n\t\t\t\t<\/div>\n\t\t\t\t<\/div>\n\t\t\t\t\t\t<\/div>\n\t\t\t\t\t<\/div>\n\t\t<\/div>\n\t\t\t\t<div class=\"elementor-column elementor-col-50 elementor-inner-column elementor-element elementor-element-366d600\" data-id=\"366d600\" data-element_type=\"column\">\n\t\t\t<div class=\"elementor-column-wrap elementor-element-populated\">\n\t\t\t\t\t\t\t<div class=\"elementor-widget-wrap\">\n\t\t\t\t\t\t<div class=\"elementor-element elementor-element-abe9398 elementor-widget elementor-widget-heading\" data-id=\"abe9398\" data-element_type=\"widget\" data-widget_type=\"heading.default\">\n\t\t\t\t<div class=\"elementor-widget-container\">\n\t\t\t<h2 class=\"elementor-heading-title elementor-size-default\">Asesoramiento en:<\/h2>\t\t<\/div>\n\t\t\t\t<\/div>\n\t\t\t\t<div class=\"elementor-element elementor-element-2425a8a elementor-widget elementor-widget-text-editor\" data-id=\"2425a8a\" data-element_type=\"widget\" data-widget_type=\"text-editor.default\">\n\t\t\t\t<div class=\"elementor-widget-container\">\n\t\t\t\t\t<div class=\"elementor-text-editor elementor-clearfix\"><ul>\n<li style=\"font-weight: 400;\"><span style=\"font-weight: 400;\">P\u00e9rdida y disminuci\u00f3n de grasa.<\/span><\/li>\n<li style=\"font-weight: 400;\"><span style=\"font-weight: 400;\">Aumento e incremento de la masa muscular.<\/span><\/li>\n<li style=\"font-weight: 400;\"><span style=\"font-weight: 400;\">Aprender a comer de manera sana y saludable.<\/span><\/li>\n<li style=\"font-weight: 400;\"><span style=\"font-weight: 400;\">Elaboraci\u00f3n de men\u00fas semanales y personalizados en base a la persona.<\/span><\/li>\n<\/ul><\/div>\n\t\t\t\t<\/div>\n\t\t\t\t<\/div>\n\t\t\t\t\t\t<\/div>\n\t\t\t\t\t<\/div>\n\t\t<\/div>\n\t\t\t\t\t\t\t\t<\/div>\n\t\t\t\t\t<\/div>\n\t\t<\/section>\n\t\t\t\t\t\t<\/div>\n\t\t\t\t\t<\/div>\n\t\t<\/div>\n\t\t\t\t\t\t\t\t<\/div>\n\t\t\t\t\t<\/div>\n\t\t<\/section>\n\t\t\t\t<section class=\"elementor-section elementor-top-section elementor-element elementor-element-a243e3d elementor-section-boxed elementor-section-height-default elementor-section-height-default\" data-id=\"a243e3d\" data-element_type=\"section\" data-settings=\"{&quot;background_background&quot;:&quot;classic&quot;}\">\n\t\t\t\t\t\t<div class=\"elementor-container elementor-column-gap-default\">\n\t\t\t\t\t\t\t<div class=\"elementor-row\">\n\t\t\t\t\t<div class=\"elementor-column elementor-col-100 elementor-top-column elementor-element elementor-element-54a28a7\" data-id=\"54a28a7\" data-element_type=\"column\">\n\t\t\t<div class=\"elementor-column-wrap elementor-element-populated\">\n\t\t\t\t\t\t\t<div class=\"elementor-widget-wrap\">\n\t\t\t\t\t\t<div class=\"elementor-element elementor-element-b7c5128 elementor-widget elementor-widget-heading\" data-id=\"b7c5128\" data-element_type=\"widget\" data-widget_type=\"heading.default\">\n\t\t\t\t<div class=\"elementor-widget-container\">\n\t\t\t<h2 class=\"elementor-heading-title elementor-size-default\">\u00a1Ahora es el mejor momento para empezar, no lo dejes para despu\u00e9s!<\/h2>\t\t<\/div>\n\t\t\t\t<\/div>\n\t\t\t\t<div class=\"elementor-element elementor-element-710ec35 elementor-align-center elementor-mobile-align-justify elementor-widget elementor-widget-button\" data-id=\"710ec35\" data-element_type=\"widget\" data-widget_type=\"button.default\">\n\t\t\t\t<div class=\"elementor-widget-container\">\n\t\t\t\t\t<div class=\"elementor-button-wrapper\">\n\t\t\t<a href=\"http:\/\/piedadmoratanutricion.com\/index.php\/300f0-web-agency-contact\/\" class=\"elementor-button-link elementor-button elementor-size-lg\" role=\"button\">\n\t\t\t\t\t\t<span class=\"elementor-button-content-wrapper\">\n\t\t\t\t\t\t<span class=\"elementor-button-text\">contacta conmigo<\/span>\n\t\t<\/span>\n\t\t\t\t\t<\/a>\n\t\t<\/div>\n\t\t\t\t<\/div>\n\t\t\t\t<\/div>\n\t\t\t\t\t\t<\/div>\n\t\t\t\t\t<\/div>\n\t\t<\/div>\n\t\t\t\t\t\t\t\t<\/div>\n\t\t\t\t\t<\/div>\n\t\t<\/section>\n\t\t\t\t\t\t<\/div>\n\t\t\t\t\t\t<\/div>\n\t\t\t\t\t<\/div>\n\t\t","protected":false},"excerpt":{"rendered":"<p>EDUCACI\u00d3N ALIMENTARIA El servicio de nutrici\u00f3n y diet\u00e9tica tiene como objetivo ayudar a prevenir o tratar patolog\u00edas existentes, conseguir objetivos de peso saludables y adaptar la alimentaci\u00f3n a distintos momentos y situaciones de la vida (embarazo, lactancia, ni\u00f1ez, edad menopausia, edad avanzada). Beneficios de una dieta personalizada Se consigue una\u00a0reeducaci\u00f3n alimentaria y adaptaci\u00f3n de los&hellip;&nbsp;<a href=\"https:\/\/piedadmoratanutricion.com\/index.php\/educacion-alimentaria\/\" class=\"\" rel=\"bookmark\">Leer m\u00e1s &raquo;<span class=\"screen-reader-text\">Educaci\u00f3n alimentaria<\/span><\/a><\/p>\n","protected":false},"author":1,"featured_media":0,"parent":0,"menu_order":0,"comment_status":"closed","ping_status":"closed","template":"elementor_header_footer","meta":{"neve_meta_sidebar":"full-width","neve_meta_container":"","neve_meta_enable_content_width":"on","neve_meta_content_width":100,"neve_meta_title_alignment":"","neve_meta_author_avatar":"","neve_post_elements_order":"","neve_meta_disable_header":"","neve_meta_disable_footer":"","neve_meta_disable_title":"","_ti_tpc_template_sync":false,"_ti_tpc_template_id":"","footnotes":""},"yoast_head":"<!-- This site is optimized with the Yoast SEO plugin v15.5 - https:\/\/yoast.com\/wordpress\/plugins\/seo\/ -->\n<title>Educaci\u00f3n alimentaria - Piedad Morata Nutrici\u00f3n<\/title>\n<meta name=\"robots\" content=\"index, follow, max-snippet:-1, max-image-preview:large, max-video-preview:-1\" \/>\n<link rel=\"canonical\" href=\"https:\/\/piedadmoratanutricion.com\/index.php\/educacion-alimentaria\/\" \/>\n<meta property=\"og:locale\" content=\"es_ES\" \/>\n<meta property=\"og:type\" content=\"article\" \/>\n<meta property=\"og:title\" content=\"Educaci\u00f3n alimentaria - Piedad Morata Nutrici\u00f3n\" \/>\n<meta property=\"og:description\" content=\"EDUCACI\u00d3N ALIMENTARIA El servicio de nutrici\u00f3n y diet\u00e9tica tiene como objetivo ayudar a prevenir o tratar patolog\u00edas existentes, conseguir objetivos de peso saludables y adaptar la alimentaci\u00f3n a distintos momentos y situaciones de la vida (embarazo, lactancia, ni\u00f1ez, edad menopausia, edad avanzada). Beneficios de una dieta personalizada Se consigue una\u00a0reeducaci\u00f3n alimentaria y adaptaci\u00f3n de los&hellip;&nbsp;Leer m\u00e1s &raquo;Educaci\u00f3n alimentaria\" \/>\n<meta property=\"og:url\" content=\"https:\/\/piedadmoratanutricion.com\/index.php\/educacion-alimentaria\/\" \/>\n<meta property=\"og:site_name\" content=\"Piedad Morata Nutrici\u00f3n\" \/>\n<meta property=\"article:modified_time\" content=\"2025-01-08T09:22:23+00:00\" \/>\n<meta property=\"og:image\" content=\"http:\/\/piedadmoratanutricion.com\/wp-content\/uploads\/2020\/12\/bowl_cuadrado.jpg\" \/>\n<meta name=\"twitter:card\" content=\"summary_large_image\" \/>\n<meta name=\"twitter:label1\" content=\"Tiempo de lectura\">\n\t<meta name=\"twitter:data1\" content=\"1 minuto\">\n<script type=\"application\/ld+json\" class=\"yoast-schema-graph\">{\"@context\":\"https:\/\/schema.org\",\"@graph\":[{\"@type\":\"WebSite\",\"@id\":\"http:\/\/piedadmoratanutricion.com\/#website\",\"url\":\"http:\/\/piedadmoratanutricion.com\/\",\"name\":\"Piedad Morata Nutrici\\u00f3n\",\"description\":\"\",\"potentialAction\":[{\"@type\":\"SearchAction\",\"target\":\"http:\/\/piedadmoratanutricion.com\/?s={search_term_string}\",\"query-input\":\"required name=search_term_string\"}],\"inLanguage\":\"es\"},{\"@type\":\"ImageObject\",\"@id\":\"https:\/\/piedadmoratanutricion.com\/index.php\/educacion-alimentaria\/#primaryimage\",\"inLanguage\":\"es\",\"url\":\"http:\/\/piedadmoratanutricion.com\/wp-content\/uploads\/2020\/12\/bowl_cuadrado.jpg\"},{\"@type\":\"WebPage\",\"@id\":\"https:\/\/piedadmoratanutricion.com\/index.php\/educacion-alimentaria\/#webpage\",\"url\":\"https:\/\/piedadmoratanutricion.com\/index.php\/educacion-alimentaria\/\",\"name\":\"Educaci\\u00f3n alimentaria - Piedad Morata Nutrici\\u00f3n\",\"isPartOf\":{\"@id\":\"http:\/\/piedadmoratanutricion.com\/#website\"},\"primaryImageOfPage\":{\"@id\":\"https:\/\/piedadmoratanutricion.com\/index.php\/educacion-alimentaria\/#primaryimage\"},\"datePublished\":\"2020-11-28T11:48:20+00:00\",\"dateModified\":\"2025-01-08T09:22:23+00:00\",\"inLanguage\":\"es\",\"potentialAction\":[{\"@type\":\"ReadAction\",\"target\":[\"https:\/\/piedadmoratanutricion.com\/index.php\/educacion-alimentaria\/\"]}]}]}<\/script>\n<!-- \/ Yoast SEO plugin. -->","_links":{"self":[{"href":"https:\/\/piedadmoratanutricion.com\/index.php\/wp-json\/wp\/v2\/pages\/128"}],"collection":[{"href":"https:\/\/piedadmoratanutricion.com\/index.php\/wp-json\/wp\/v2\/pages"}],"about":[{"href":"https:\/\/piedadmoratanutricion.com\/index.php\/wp-json\/wp\/v2\/types\/page"}],"author":[{"embeddable":true,"href":"https:\/\/piedadmoratanutricion.com\/index.php\/wp-json\/wp\/v2\/users\/1"}],"replies":[{"embeddable":true,"href":"https:\/\/piedadmoratanutricion.com\/index.php\/wp-json\/wp\/v2\/comments?post=128"}],"version-history":[{"count":49,"href":"https:\/\/piedadmoratanutricion.com\/index.php\/wp-json\/wp\/v2\/pages\/128\/revisions"}],"predecessor-version":[{"id":1018,"href":"https:\/\/piedadmoratanutricion.com\/index.php\/wp-json\/wp\/v2\/pages\/128\/revisions\/1018"}],"wp:attachment":[{"href":"https:\/\/piedadmoratanutricion.com\/index.php\/wp-json\/wp\/v2\/media?parent=128"}],"curies":[{"name":"wp","href":"https:\/\/api.w.org\/{rel}","templated":true}]}}