{"id":32,"date":"2020-01-17T15:28:09","date_gmt":"2020-01-17T15:28:09","guid":{"rendered":"https:\/\/demosites.io\/web-agency\/?page_id=32"},"modified":"2025-01-08T09:20:41","modified_gmt":"2025-01-08T09:20:41","slug":"300f0-web-agency-portfolio-single","status":"publish","type":"page","link":"https:\/\/piedadmoratanutricion.com\/index.php\/300f0-web-agency-portfolio-single\/","title":{"rendered":"Psiconutrici\u00f3n"},"content":{"rendered":"\t\t<div data-elementor-type=\"wp-page\" data-elementor-id=\"32\" class=\"elementor elementor-32\" data-elementor-settings=\"[]\">\n\t\t\t\t\t\t<div class=\"elementor-inner\">\n\t\t\t\t\t\t\t<div class=\"elementor-section-wrap\">\n\t\t\t\t\t\t\t<section class=\"elementor-section elementor-top-section elementor-element elementor-element-95dfe33 elementor-section-boxed elementor-section-height-default elementor-section-height-default\" data-id=\"95dfe33\" data-element_type=\"section\">\n\t\t\t\t\t\t<div class=\"elementor-container elementor-column-gap-default\">\n\t\t\t\t\t\t\t<div class=\"elementor-row\">\n\t\t\t\t\t<div class=\"elementor-column elementor-col-50 elementor-top-column elementor-element elementor-element-a926e3d\" data-id=\"a926e3d\" data-element_type=\"column\">\n\t\t\t<div class=\"elementor-column-wrap elementor-element-populated\">\n\t\t\t\t\t\t\t<div class=\"elementor-widget-wrap\">\n\t\t\t\t\t\t<div class=\"elementor-element elementor-element-b052411 elementor-widget elementor-widget-heading\" data-id=\"b052411\" data-element_type=\"widget\" data-widget_type=\"heading.default\">\n\t\t\t\t<div class=\"elementor-widget-container\">\n\t\t\t<h1 class=\"elementor-heading-title elementor-size-default\">PSICONUTRICI\u00d3N<\/h1>\t\t<\/div>\n\t\t\t\t<\/div>\n\t\t\t\t<div class=\"elementor-element elementor-element-cebed55 elementor-widget elementor-widget-text-editor\" data-id=\"cebed55\" data-element_type=\"widget\" data-widget_type=\"text-editor.default\">\n\t\t\t\t<div class=\"elementor-widget-container\">\n\t\t\t\t\t<div class=\"elementor-text-editor elementor-clearfix\"><p><span style=\"font-weight: 400;\">La Psiconutrici\u00f3n es la ciencia que estudia la relaci\u00f3n con la comida, para ello se tiene en cuenta nuestro estado emocional, conductual, as\u00ed como el contexto social que nos rodea. Por tanto, la psiconutrici\u00f3n ocupa un papel importante para alcanzar nuestro bienestar f\u00edsico y mental.\u00a0 <\/span><\/p><\/div>\n\t\t\t\t<\/div>\n\t\t\t\t<\/div>\n\t\t\t\t\t\t<\/div>\n\t\t\t\t\t<\/div>\n\t\t<\/div>\n\t\t\t\t<div class=\"elementor-column elementor-col-50 elementor-top-column elementor-element elementor-element-46c5b2b\" data-id=\"46c5b2b\" data-element_type=\"column\">\n\t\t\t<div class=\"elementor-column-wrap\">\n\t\t\t\t\t\t\t<div class=\"elementor-widget-wrap\">\n\t\t\t\t\t\t\t\t<\/div>\n\t\t\t\t\t<\/div>\n\t\t<\/div>\n\t\t\t\t\t\t\t\t<\/div>\n\t\t\t\t\t<\/div>\n\t\t<\/section>\n\t\t\t\t<section class=\"elementor-section elementor-top-section elementor-element elementor-element-3c6591e elementor-section-boxed elementor-section-height-default elementor-section-height-default\" data-id=\"3c6591e\" data-element_type=\"section\" data-settings=\"{&quot;background_background&quot;:&quot;classic&quot;}\">\n\t\t\t\t\t\t<div class=\"elementor-container elementor-column-gap-default\">\n\t\t\t\t\t\t\t<div class=\"elementor-row\">\n\t\t\t\t\t<div class=\"elementor-column elementor-col-100 elementor-top-column elementor-element elementor-element-95e3364\" data-id=\"95e3364\" data-element_type=\"column\">\n\t\t\t<div class=\"elementor-column-wrap elementor-element-populated\">\n\t\t\t\t\t\t\t<div class=\"elementor-widget-wrap\">\n\t\t\t\t\t\t<section class=\"elementor-section elementor-inner-section elementor-element elementor-element-a6e9fc1 elementor-section-boxed elementor-section-height-default elementor-section-height-default\" data-id=\"a6e9fc1\" data-element_type=\"section\">\n\t\t\t\t\t\t<div class=\"elementor-container elementor-column-gap-default\">\n\t\t\t\t\t\t\t<div class=\"elementor-row\">\n\t\t\t\t\t<div class=\"elementor-column elementor-col-50 elementor-inner-column elementor-element elementor-element-cb297ed\" data-id=\"cb297ed\" data-element_type=\"column\">\n\t\t\t<div class=\"elementor-column-wrap elementor-element-populated\">\n\t\t\t\t\t\t\t<div class=\"elementor-widget-wrap\">\n\t\t\t\t\t\t<div class=\"elementor-element elementor-element-e23b0dc elementor-absolute elementor-widget elementor-widget-image\" data-id=\"e23b0dc\" data-element_type=\"widget\" data-settings=\"{&quot;_position&quot;:&quot;absolute&quot;}\" data-widget_type=\"image.default\">\n\t\t\t\t<div class=\"elementor-widget-container\">\n\t\t\t\t\t<div class=\"elementor-image\">\n\t\t\t\t\t\t\t\t\t\t<img loading=\"lazy\" decoding=\"async\" width=\"1024\" height=\"1024\" src=\"https:\/\/piedadmoratanutricion.com\/wp-content\/uploads\/2024\/12\/1-1024x1024.png\" class=\"attachment-large size-large\" alt=\"\" srcset=\"https:\/\/piedadmoratanutricion.com\/wp-content\/uploads\/2024\/12\/1-1024x1024.png 1024w, https:\/\/piedadmoratanutricion.com\/wp-content\/uploads\/2024\/12\/1-300x300.png 300w, https:\/\/piedadmoratanutricion.com\/wp-content\/uploads\/2024\/12\/1-150x150.png 150w, https:\/\/piedadmoratanutricion.com\/wp-content\/uploads\/2024\/12\/1-768x768.png 768w, https:\/\/piedadmoratanutricion.com\/wp-content\/uploads\/2024\/12\/1.png 1080w\" sizes=\"(max-width: 1024px) 100vw, 1024px\" \/>\t\t\t\t\t\t\t\t\t\t\t<\/div>\n\t\t\t\t<\/div>\n\t\t\t\t<\/div>\n\t\t\t\t\t\t<\/div>\n\t\t\t\t\t<\/div>\n\t\t<\/div>\n\t\t\t\t<div class=\"elementor-column elementor-col-50 elementor-inner-column elementor-element elementor-element-366d600\" data-id=\"366d600\" data-element_type=\"column\">\n\t\t\t<div class=\"elementor-column-wrap elementor-element-populated\">\n\t\t\t\t\t\t\t<div class=\"elementor-widget-wrap\">\n\t\t\t\t\t\t<div class=\"elementor-element elementor-element-eeca7ae elementor-widget elementor-widget-heading\" data-id=\"eeca7ae\" data-element_type=\"widget\" data-widget_type=\"heading.default\">\n\t\t\t\t<div class=\"elementor-widget-container\">\n\t\t\t<h2 class=\"elementor-heading-title elementor-size-default\">\u00bfQu\u00e9 es la pscionutrici\u00f3n?<\/h2>\t\t<\/div>\n\t\t\t\t<\/div>\n\t\t\t\t<div class=\"elementor-element elementor-element-3850d65 elementor-widget elementor-widget-text-editor\" data-id=\"3850d65\" data-element_type=\"widget\" data-widget_type=\"text-editor.default\">\n\t\t\t\t<div class=\"elementor-widget-container\">\n\t\t\t\t\t<div class=\"elementor-text-editor elementor-clearfix\"><p>El servicio de psiconutrici\u00f3n combina la uni\u00f3n de dos disciplinas: la psicolog\u00eda y la nutrici\u00f3n.<\/p><p>Nuestro objetivo es promover una\u00a0<b>salud hol\u00edstica<\/b>\u00a0y brindarte las herramientas necesarias para que puedas realizar una\u00a0<b>alimentaci\u00f3n consciente<\/b>\u00a0que te conduzca hacia un\u00a0<b>bienestar integral.<\/b><\/p><p>Trabajamos desde un\u00a0<b>enfoque flexible y respetuoso<\/b>, no pesocentrista, que se ajusta a la persona y su contexto.<\/p><p><b>\u00bfQu\u00e9 podemos trabajar junt@s?<\/b><\/p><ul><li>Conducta alimentaria alterada.<\/li><li>Ra\u00edces emocionales de tus elecciones alimentarias.<\/li><li>Ansia por la comida.<\/li><li>Episodios de atrac\u00f3n.<\/li><li>Cambio de h\u00e1bitos.<\/li><li>Educaci\u00f3n alimentaria.<\/li><li>Postoperatorio cirug\u00eda bari\u00e1trica.<\/li><li>Alteraciones y patolog\u00edas hormonales (diabetes, SOP,hipo\/hipertiroidismo\u2026).\u00a0<\/li><\/ul><\/div>\n\t\t\t\t<\/div>\n\t\t\t\t<\/div>\n\t\t\t\t\t\t<\/div>\n\t\t\t\t\t<\/div>\n\t\t<\/div>\n\t\t\t\t\t\t\t\t<\/div>\n\t\t\t\t\t<\/div>\n\t\t<\/section>\n\t\t\t\t\t\t<\/div>\n\t\t\t\t\t<\/div>\n\t\t<\/div>\n\t\t\t\t\t\t\t\t<\/div>\n\t\t\t\t\t<\/div>\n\t\t<\/section>\n\t\t\t\t<section class=\"elementor-section elementor-top-section elementor-element elementor-element-acd69b2 elementor-section-boxed elementor-section-height-default elementor-section-height-default\" data-id=\"acd69b2\" data-element_type=\"section\" data-settings=\"{&quot;background_background&quot;:&quot;classic&quot;}\">\n\t\t\t\t\t\t<div class=\"elementor-container elementor-column-gap-default\">\n\t\t\t\t\t\t\t<div class=\"elementor-row\">\n\t\t\t\t\t<div class=\"elementor-column elementor-col-100 elementor-top-column elementor-element elementor-element-79002b9\" data-id=\"79002b9\" data-element_type=\"column\">\n\t\t\t<div class=\"elementor-column-wrap elementor-element-populated\">\n\t\t\t\t\t\t\t<div class=\"elementor-widget-wrap\">\n\t\t\t\t\t\t<section class=\"elementor-section elementor-inner-section elementor-element elementor-element-cad8cc3 elementor-section-boxed elementor-section-height-default elementor-section-height-default\" data-id=\"cad8cc3\" data-element_type=\"section\">\n\t\t\t\t\t\t<div class=\"elementor-container elementor-column-gap-default\">\n\t\t\t\t\t\t\t<div class=\"elementor-row\">\n\t\t\t\t\t<div class=\"elementor-column elementor-col-50 elementor-inner-column elementor-element elementor-element-679e9cf\" data-id=\"679e9cf\" data-element_type=\"column\">\n\t\t\t<div class=\"elementor-column-wrap elementor-element-populated\">\n\t\t\t\t\t\t\t<div class=\"elementor-widget-wrap\">\n\t\t\t\t\t\t<div class=\"elementor-element elementor-element-552370f elementor-widget elementor-widget-heading\" data-id=\"552370f\" data-element_type=\"widget\" data-widget_type=\"heading.default\">\n\t\t\t\t<div class=\"elementor-widget-container\">\n\t\t\t<h2 class=\"elementor-heading-title elementor-size-default\">Beneficios del servicio<\/h2>\t\t<\/div>\n\t\t\t\t<\/div>\n\t\t\t\t<div class=\"elementor-element elementor-element-9e758bd elementor-widget elementor-widget-text-editor\" data-id=\"9e758bd\" data-element_type=\"widget\" data-widget_type=\"text-editor.default\">\n\t\t\t\t<div class=\"elementor-widget-container\">\n\t\t\t\t\t<div class=\"elementor-text-editor elementor-clearfix\"><p><strong>\u00bfQu\u00e9 beneficios tiene el servicio de PsicoNutrici\u00f3n?<\/strong><\/p><ul><li>Somos un equipo altamente cualificado y <strong>especializado en comportamiento alimentario.<\/strong><\/li><li>Te ofrecemos un m\u00e9todo basado en la evidencia cient\u00edfica para <strong>sanar tu relaci\u00f3n con la comida.<\/strong><\/li><li>Enfoque interdisciplinar:\u00a0tu psic\u00f3loga y tu nutricionista trabajar\u00e1n mano a mano para acompa\u00f1arte en el proceso de forma coordinada.<\/li><\/ul><\/div>\n\t\t\t\t<\/div>\n\t\t\t\t<\/div>\n\t\t\t\t<div class=\"elementor-element elementor-element-d138427 elementor-widget elementor-widget-heading\" data-id=\"d138427\" data-element_type=\"widget\" data-widget_type=\"heading.default\">\n\t\t\t\t<div class=\"elementor-widget-container\">\n\t\t\t<h3 class=\"elementor-heading-title elementor-size-default\">TRABAJO EN EQUIPO<\/h3>\t\t<\/div>\n\t\t\t\t<\/div>\n\t\t\t\t<div class=\"elementor-element elementor-element-2c16292 elementor-widget elementor-widget-text-editor\" data-id=\"2c16292\" data-element_type=\"widget\" data-widget_type=\"text-editor.default\">\n\t\t\t\t<div class=\"elementor-widget-container\">\n\t\t\t\t\t<div class=\"elementor-text-editor elementor-clearfix\"><p>Luc\u00eda Beltr\u00e1n Garrayo<\/p><ul><li>N\u00ba colegiada M-32748<\/li><li>Doctora en Psicolog\u00eda Cl\u00ednica y de la Salud<\/li><li>M\u00e1ster en Psicolog\u00eda General Sanitaria<\/li><li>T\u00edtulo de experto en Trastornos Alimentarios y Obesidad<\/li><li>Graduada en Psicolog\u00eda<\/li><\/ul><\/div>\n\t\t\t\t<\/div>\n\t\t\t\t<\/div>\n\t\t\t\t\t\t<\/div>\n\t\t\t\t\t<\/div>\n\t\t<\/div>\n\t\t\t\t<div class=\"elementor-column elementor-col-50 elementor-inner-column elementor-element elementor-element-52a227c\" data-id=\"52a227c\" data-element_type=\"column\">\n\t\t\t<div class=\"elementor-column-wrap elementor-element-populated\">\n\t\t\t\t\t\t\t<div class=\"elementor-widget-wrap\">\n\t\t\t\t\t\t<div class=\"elementor-element elementor-element-4a1a19a elementor-widget elementor-widget-image\" data-id=\"4a1a19a\" data-element_type=\"widget\" data-widget_type=\"image.default\">\n\t\t\t\t<div class=\"elementor-widget-container\">\n\t\t\t\t\t<div class=\"elementor-image\">\n\t\t\t\t\t\t\t\t\t\t<img loading=\"lazy\" decoding=\"async\" width=\"805\" height=\"1024\" src=\"https:\/\/piedadmoratanutricion.com\/wp-content\/uploads\/2024\/01\/Captura-de-pantalla-2024-01-24-a-las-15.43.05-805x1024.png\" class=\"attachment-large size-large\" alt=\"\" srcset=\"https:\/\/piedadmoratanutricion.com\/wp-content\/uploads\/2024\/01\/Captura-de-pantalla-2024-01-24-a-las-15.43.05-805x1024.png 805w, https:\/\/piedadmoratanutricion.com\/wp-content\/uploads\/2024\/01\/Captura-de-pantalla-2024-01-24-a-las-15.43.05-236x300.png 236w, https:\/\/piedadmoratanutricion.com\/wp-content\/uploads\/2024\/01\/Captura-de-pantalla-2024-01-24-a-las-15.43.05-768x977.png 768w, https:\/\/piedadmoratanutricion.com\/wp-content\/uploads\/2024\/01\/Captura-de-pantalla-2024-01-24-a-las-15.43.05.png 1100w\" sizes=\"(max-width: 805px) 100vw, 805px\" \/>\t\t\t\t\t\t\t\t\t\t\t<\/div>\n\t\t\t\t<\/div>\n\t\t\t\t<\/div>\n\t\t\t\t\t\t<\/div>\n\t\t\t\t\t<\/div>\n\t\t<\/div>\n\t\t\t\t\t\t\t\t<\/div>\n\t\t\t\t\t<\/div>\n\t\t<\/section>\n\t\t\t\t\t\t<\/div>\n\t\t\t\t\t<\/div>\n\t\t<\/div>\n\t\t\t\t\t\t\t\t<\/div>\n\t\t\t\t\t<\/div>\n\t\t<\/section>\n\t\t\t\t<section class=\"elementor-section elementor-top-section elementor-element elementor-element-a243e3d elementor-section-boxed elementor-section-height-default elementor-section-height-default\" data-id=\"a243e3d\" data-element_type=\"section\" data-settings=\"{&quot;background_background&quot;:&quot;classic&quot;}\">\n\t\t\t\t\t\t<div class=\"elementor-container elementor-column-gap-default\">\n\t\t\t\t\t\t\t<div class=\"elementor-row\">\n\t\t\t\t\t<div class=\"elementor-column elementor-col-100 elementor-top-column elementor-element elementor-element-54a28a7\" data-id=\"54a28a7\" data-element_type=\"column\">\n\t\t\t<div class=\"elementor-column-wrap elementor-element-populated\">\n\t\t\t\t\t\t\t<div class=\"elementor-widget-wrap\">\n\t\t\t\t\t\t<div class=\"elementor-element elementor-element-b7c5128 elementor-widget elementor-widget-heading\" data-id=\"b7c5128\" data-element_type=\"widget\" data-widget_type=\"heading.default\">\n\t\t\t\t<div class=\"elementor-widget-container\">\n\t\t\t<h2 class=\"elementor-heading-title elementor-size-default\">\u00a1Estoy aqu\u00ed para acompa\u00f1arte y guiar tu proceso!<\/h2>\t\t<\/div>\n\t\t\t\t<\/div>\n\t\t\t\t<div class=\"elementor-element elementor-element-710ec35 elementor-align-center elementor-mobile-align-justify elementor-widget elementor-widget-button\" data-id=\"710ec35\" data-element_type=\"widget\" data-widget_type=\"button.default\">\n\t\t\t\t<div class=\"elementor-widget-container\">\n\t\t\t\t\t<div class=\"elementor-button-wrapper\">\n\t\t\t<a href=\"http:\/\/piedadmoratanutricion.com\/index.php\/300f0-web-agency-contact\/\" class=\"elementor-button-link elementor-button elementor-size-lg\" role=\"button\">\n\t\t\t\t\t\t<span class=\"elementor-button-content-wrapper\">\n\t\t\t\t\t\t<span class=\"elementor-button-text\">CONTACTA CONMIGO<\/span>\n\t\t<\/span>\n\t\t\t\t\t<\/a>\n\t\t<\/div>\n\t\t\t\t<\/div>\n\t\t\t\t<\/div>\n\t\t\t\t\t\t<\/div>\n\t\t\t\t\t<\/div>\n\t\t<\/div>\n\t\t\t\t\t\t\t\t<\/div>\n\t\t\t\t\t<\/div>\n\t\t<\/section>\n\t\t\t\t\t\t<\/div>\n\t\t\t\t\t\t<\/div>\n\t\t\t\t\t<\/div>\n\t\t","protected":false},"excerpt":{"rendered":"<p>PSICONUTRICI\u00d3N La Psiconutrici\u00f3n es la ciencia que estudia la relaci\u00f3n con la comida, para ello se tiene en cuenta nuestro estado emocional, conductual, as\u00ed como el contexto social que nos rodea. Por tanto, la psiconutrici\u00f3n ocupa un papel importante para alcanzar nuestro bienestar f\u00edsico y mental.\u00a0 \u00bfQu\u00e9 es la pscionutrici\u00f3n? El servicio de psiconutrici\u00f3n combina&hellip;&nbsp;<a href=\"https:\/\/piedadmoratanutricion.com\/index.php\/300f0-web-agency-portfolio-single\/\" class=\"\" rel=\"bookmark\">Leer m\u00e1s &raquo;<span class=\"screen-reader-text\">Psiconutrici\u00f3n<\/span><\/a><\/p>\n","protected":false},"author":1,"featured_media":0,"parent":0,"menu_order":0,"comment_status":"closed","ping_status":"closed","template":"elementor_header_footer","meta":{"neve_meta_sidebar":"full-width","neve_meta_container":"","neve_meta_enable_content_width":"on","neve_meta_content_width":100,"neve_meta_title_alignment":"","neve_meta_author_avatar":"","neve_post_elements_order":"","neve_meta_disable_header":"","neve_meta_disable_footer":"","neve_meta_disable_title":"","_ti_tpc_template_sync":false,"_ti_tpc_template_id":"","footnotes":""},"yoast_head":"<!-- This site is optimized with the Yoast SEO plugin v15.5 - https:\/\/yoast.com\/wordpress\/plugins\/seo\/ -->\n<title>Psiconutrici\u00f3n - Piedad Morata Nutrici\u00f3n<\/title>\n<meta name=\"robots\" content=\"index, follow, max-snippet:-1, max-image-preview:large, max-video-preview:-1\" \/>\n<link rel=\"canonical\" href=\"https:\/\/piedadmoratanutricion.com\/index.php\/300f0-web-agency-portfolio-single\/\" \/>\n<meta property=\"og:locale\" content=\"es_ES\" \/>\n<meta property=\"og:type\" content=\"article\" \/>\n<meta property=\"og:title\" content=\"Psiconutrici\u00f3n - Piedad Morata Nutrici\u00f3n\" \/>\n<meta property=\"og:description\" content=\"PSICONUTRICI\u00d3N La Psiconutrici\u00f3n es la ciencia que estudia la relaci\u00f3n con la comida, para ello se tiene en cuenta nuestro estado emocional, conductual, as\u00ed como el contexto social que nos rodea. Por tanto, la psiconutrici\u00f3n ocupa un papel importante para alcanzar nuestro bienestar f\u00edsico y mental.\u00a0 \u00bfQu\u00e9 es la pscionutrici\u00f3n? El servicio de psiconutrici\u00f3n combina&hellip;&nbsp;Leer m\u00e1s &raquo;Psiconutrici\u00f3n\" \/>\n<meta property=\"og:url\" content=\"https:\/\/piedadmoratanutricion.com\/index.php\/300f0-web-agency-portfolio-single\/\" \/>\n<meta property=\"og:site_name\" content=\"Piedad Morata Nutrici\u00f3n\" \/>\n<meta property=\"article:modified_time\" content=\"2025-01-08T09:20:41+00:00\" \/>\n<meta property=\"og:image\" content=\"http:\/\/piedadmoratanutricion.com\/wp-content\/uploads\/2024\/12\/1-1024x1024.png\" \/>\n<meta name=\"twitter:card\" content=\"summary_large_image\" \/>\n<meta name=\"twitter:label1\" content=\"Tiempo de lectura\">\n\t<meta name=\"twitter:data1\" content=\"1 minuto\">\n<script type=\"application\/ld+json\" class=\"yoast-schema-graph\">{\"@context\":\"https:\/\/schema.org\",\"@graph\":[{\"@type\":\"WebSite\",\"@id\":\"http:\/\/piedadmoratanutricion.com\/#website\",\"url\":\"http:\/\/piedadmoratanutricion.com\/\",\"name\":\"Piedad Morata Nutrici\\u00f3n\",\"description\":\"\",\"potentialAction\":[{\"@type\":\"SearchAction\",\"target\":\"http:\/\/piedadmoratanutricion.com\/?s={search_term_string}\",\"query-input\":\"required name=search_term_string\"}],\"inLanguage\":\"es\"},{\"@type\":\"ImageObject\",\"@id\":\"https:\/\/piedadmoratanutricion.com\/index.php\/300f0-web-agency-portfolio-single\/#primaryimage\",\"inLanguage\":\"es\",\"url\":\"http:\/\/piedadmoratanutricion.com\/wp-content\/uploads\/2024\/12\/1-1024x1024.png\"},{\"@type\":\"WebPage\",\"@id\":\"https:\/\/piedadmoratanutricion.com\/index.php\/300f0-web-agency-portfolio-single\/#webpage\",\"url\":\"https:\/\/piedadmoratanutricion.com\/index.php\/300f0-web-agency-portfolio-single\/\",\"name\":\"Psiconutrici\\u00f3n - Piedad Morata Nutrici\\u00f3n\",\"isPartOf\":{\"@id\":\"http:\/\/piedadmoratanutricion.com\/#website\"},\"primaryImageOfPage\":{\"@id\":\"https:\/\/piedadmoratanutricion.com\/index.php\/300f0-web-agency-portfolio-single\/#primaryimage\"},\"datePublished\":\"2020-01-17T15:28:09+00:00\",\"dateModified\":\"2025-01-08T09:20:41+00:00\",\"inLanguage\":\"es\",\"potentialAction\":[{\"@type\":\"ReadAction\",\"target\":[\"https:\/\/piedadmoratanutricion.com\/index.php\/300f0-web-agency-portfolio-single\/\"]}]}]}<\/script>\n<!-- \/ Yoast SEO plugin. -->","_links":{"self":[{"href":"https:\/\/piedadmoratanutricion.com\/index.php\/wp-json\/wp\/v2\/pages\/32"}],"collection":[{"href":"https:\/\/piedadmoratanutricion.com\/index.php\/wp-json\/wp\/v2\/pages"}],"about":[{"href":"https:\/\/piedadmoratanutricion.com\/index.php\/wp-json\/wp\/v2\/types\/page"}],"author":[{"embeddable":true,"href":"https:\/\/piedadmoratanutricion.com\/index.php\/wp-json\/wp\/v2\/users\/1"}],"replies":[{"embeddable":true,"href":"https:\/\/piedadmoratanutricion.com\/index.php\/wp-json\/wp\/v2\/comments?post=32"}],"version-history":[{"count":71,"href":"https:\/\/piedadmoratanutricion.com\/index.php\/wp-json\/wp\/v2\/pages\/32\/revisions"}],"predecessor-version":[{"id":1015,"href":"https:\/\/piedadmoratanutricion.com\/index.php\/wp-json\/wp\/v2\/pages\/32\/revisions\/1015"}],"wp:attachment":[{"href":"https:\/\/piedadmoratanutricion.com\/index.php\/wp-json\/wp\/v2\/media?parent=32"}],"curies":[{"name":"wp","href":"https:\/\/api.w.org\/{rel}","templated":true}]}}