{"id":959,"date":"2025-01-08T04:22:57","date_gmt":"2025-01-08T04:22:57","guid":{"rendered":"https:\/\/piedadmoratanutricion.com\/?page_id=959"},"modified":"2025-01-08T09:30:44","modified_gmt":"2025-01-08T09:30:44","slug":"patologia-digestiva","status":"publish","type":"page","link":"https:\/\/piedadmoratanutricion.com\/index.php\/patologia-digestiva\/","title":{"rendered":"Patolog\u00eda digestiva"},"content":{"rendered":"\t\t<div data-elementor-type=\"wp-page\" data-elementor-id=\"959\" class=\"elementor elementor-959\" data-elementor-settings=\"[]\">\n\t\t\t\t\t\t<div class=\"elementor-inner\">\n\t\t\t\t\t\t\t<div class=\"elementor-section-wrap\">\n\t\t\t\t\t\t\t<section class=\"elementor-section elementor-top-section elementor-element elementor-element-95dfe33 elementor-section-boxed elementor-section-height-default elementor-section-height-default\" data-id=\"95dfe33\" data-element_type=\"section\">\n\t\t\t\t\t\t<div class=\"elementor-container elementor-column-gap-default\">\n\t\t\t\t\t\t\t<div class=\"elementor-row\">\n\t\t\t\t\t<div class=\"elementor-column elementor-col-50 elementor-top-column elementor-element elementor-element-a926e3d\" data-id=\"a926e3d\" data-element_type=\"column\">\n\t\t\t<div class=\"elementor-column-wrap elementor-element-populated\">\n\t\t\t\t\t\t\t<div class=\"elementor-widget-wrap\">\n\t\t\t\t\t\t<div class=\"elementor-element elementor-element-b052411 elementor-widget elementor-widget-heading\" data-id=\"b052411\" data-element_type=\"widget\" data-widget_type=\"heading.default\">\n\t\t\t\t<div class=\"elementor-widget-container\">\n\t\t\t<h1 class=\"elementor-heading-title elementor-size-default\">PATOLOG\u00cdA DIGESTIVA<\/h1>\t\t<\/div>\n\t\t\t\t<\/div>\n\t\t\t\t<div class=\"elementor-element elementor-element-cebed55 elementor-widget elementor-widget-text-editor\" data-id=\"cebed55\" data-element_type=\"widget\" data-widget_type=\"text-editor.default\">\n\t\t\t\t<div class=\"elementor-widget-container\">\n\t\t\t\t\t<div class=\"elementor-text-editor elementor-clearfix\"><\/div>\n\t\t\t\t<\/div>\n\t\t\t\t<\/div>\n\t\t\t\t\t\t<\/div>\n\t\t\t\t\t<\/div>\n\t\t<\/div>\n\t\t\t\t<div class=\"elementor-column elementor-col-50 elementor-top-column elementor-element elementor-element-46c5b2b\" data-id=\"46c5b2b\" data-element_type=\"column\">\n\t\t\t<div class=\"elementor-column-wrap\">\n\t\t\t\t\t\t\t<div class=\"elementor-widget-wrap\">\n\t\t\t\t\t\t\t\t<\/div>\n\t\t\t\t\t<\/div>\n\t\t<\/div>\n\t\t\t\t\t\t\t\t<\/div>\n\t\t\t\t\t<\/div>\n\t\t<\/section>\n\t\t\t\t<section class=\"elementor-section elementor-top-section elementor-element elementor-element-3c6591e elementor-section-boxed elementor-section-height-default elementor-section-height-default\" data-id=\"3c6591e\" data-element_type=\"section\" data-settings=\"{&quot;background_background&quot;:&quot;classic&quot;}\">\n\t\t\t\t\t\t<div class=\"elementor-container elementor-column-gap-default\">\n\t\t\t\t\t\t\t<div class=\"elementor-row\">\n\t\t\t\t\t<div class=\"elementor-column elementor-col-100 elementor-top-column elementor-element elementor-element-95e3364\" data-id=\"95e3364\" data-element_type=\"column\">\n\t\t\t<div class=\"elementor-column-wrap elementor-element-populated\">\n\t\t\t\t\t\t\t<div class=\"elementor-widget-wrap\">\n\t\t\t\t\t\t<section class=\"elementor-section elementor-inner-section elementor-element elementor-element-a6e9fc1 elementor-section-boxed elementor-section-height-default elementor-section-height-default\" data-id=\"a6e9fc1\" data-element_type=\"section\">\n\t\t\t\t\t\t<div class=\"elementor-container elementor-column-gap-default\">\n\t\t\t\t\t\t\t<div class=\"elementor-row\">\n\t\t\t\t\t<div class=\"elementor-column elementor-col-50 elementor-inner-column elementor-element elementor-element-cb297ed\" data-id=\"cb297ed\" data-element_type=\"column\">\n\t\t\t<div class=\"elementor-column-wrap elementor-element-populated\">\n\t\t\t\t\t\t\t<div class=\"elementor-widget-wrap\">\n\t\t\t\t\t\t<div class=\"elementor-element elementor-element-e23b0dc elementor-widget elementor-widget-image\" data-id=\"e23b0dc\" data-element_type=\"widget\" data-widget_type=\"image.default\">\n\t\t\t\t<div class=\"elementor-widget-container\">\n\t\t\t\t\t<div class=\"elementor-image\">\n\t\t\t\t\t\t\t\t\t\t<img loading=\"lazy\" decoding=\"async\" width=\"1024\" height=\"1024\" src=\"https:\/\/piedadmoratanutricion.com\/wp-content\/uploads\/2025\/01\/22-1024x1024.png\" class=\"attachment-large size-large\" alt=\"\" srcset=\"https:\/\/piedadmoratanutricion.com\/wp-content\/uploads\/2025\/01\/22-1024x1024.png 1024w, https:\/\/piedadmoratanutricion.com\/wp-content\/uploads\/2025\/01\/22-300x300.png 300w, https:\/\/piedadmoratanutricion.com\/wp-content\/uploads\/2025\/01\/22-150x150.png 150w, https:\/\/piedadmoratanutricion.com\/wp-content\/uploads\/2025\/01\/22-768x768.png 768w, https:\/\/piedadmoratanutricion.com\/wp-content\/uploads\/2025\/01\/22-1536x1536.png 1536w, https:\/\/piedadmoratanutricion.com\/wp-content\/uploads\/2025\/01\/22-2048x2048.png 2048w\" sizes=\"(max-width: 1024px) 100vw, 1024px\" \/>\t\t\t\t\t\t\t\t\t\t\t<\/div>\n\t\t\t\t<\/div>\n\t\t\t\t<\/div>\n\t\t\t\t\t\t<\/div>\n\t\t\t\t\t<\/div>\n\t\t<\/div>\n\t\t\t\t<div class=\"elementor-column elementor-col-50 elementor-inner-column elementor-element elementor-element-366d600\" data-id=\"366d600\" data-element_type=\"column\">\n\t\t\t<div class=\"elementor-column-wrap elementor-element-populated\">\n\t\t\t\t\t\t\t<div class=\"elementor-widget-wrap\">\n\t\t\t\t\t\t<div class=\"elementor-element elementor-element-2425a8a elementor-widget elementor-widget-text-editor\" data-id=\"2425a8a\" data-element_type=\"widget\" data-widget_type=\"text-editor.default\">\n\t\t\t\t<div class=\"elementor-widget-container\">\n\t\t\t\t\t<div class=\"elementor-text-editor elementor-clearfix\"><p><span style=\"font-weight: 400;\">Se habla mucho de la conexi\u00f3n eje intestino-cerebro y c\u00f3mo canalizamos nuestras emocionales en la \u201ctripa\u201d. Pero con la avanzada detecci\u00f3n de trastornos digestivos funcionales se ha comprobado que los posibles s\u00edntomas que puedas sentir a nivel digestivo no sean debido exclusivamente a \u201cestar nervioso\u201d o a situaciones de estr\u00e9s.\u00a0 Por tanto no hay que normalizar el sentir gases, hinchaz\u00f3n o flatulencias tras las comidas.\u00a0<\/span><\/p><p><span style=\"font-weight: 400;\">En este sentido, tras una valoraci\u00f3n m\u00e9dica podemos poner el foco en la parte diet\u00e9tica, que de manera global tratar\u00edamos ese trastorno digestivo con un plan nutricional espec\u00edfico (com\u00fanmente la dieta baja FODMAP) pero siempre adaptado a cada persona y su situaci\u00f3n<\/span><\/p><\/div>\n\t\t\t\t<\/div>\n\t\t\t\t<\/div>\n\t\t\t\t\t\t<\/div>\n\t\t\t\t\t<\/div>\n\t\t<\/div>\n\t\t\t\t\t\t\t\t<\/div>\n\t\t\t\t\t<\/div>\n\t\t<\/section>\n\t\t\t\t\t\t<\/div>\n\t\t\t\t\t<\/div>\n\t\t<\/div>\n\t\t\t\t\t\t\t\t<\/div>\n\t\t\t\t\t<\/div>\n\t\t<\/section>\n\t\t\t\t<section class=\"elementor-section elementor-top-section elementor-element elementor-element-580c20d elementor-section-boxed elementor-section-height-default elementor-section-height-default\" data-id=\"580c20d\" data-element_type=\"section\" data-settings=\"{&quot;background_background&quot;:&quot;classic&quot;}\">\n\t\t\t\t\t\t<div class=\"elementor-container elementor-column-gap-default\">\n\t\t\t\t\t\t\t<div class=\"elementor-row\">\n\t\t\t\t\t<div class=\"elementor-column elementor-col-100 elementor-top-column elementor-element elementor-element-3224036\" data-id=\"3224036\" data-element_type=\"column\">\n\t\t\t<div class=\"elementor-column-wrap\">\n\t\t\t\t\t\t\t<div class=\"elementor-widget-wrap\">\n\t\t\t\t\t\t\t\t<\/div>\n\t\t\t\t\t<\/div>\n\t\t<\/div>\n\t\t\t\t\t\t\t\t<\/div>\n\t\t\t\t\t<\/div>\n\t\t<\/section>\n\t\t\t\t<section class=\"elementor-section elementor-top-section elementor-element elementor-element-a243e3d elementor-section-boxed elementor-section-height-default elementor-section-height-default\" data-id=\"a243e3d\" data-element_type=\"section\" data-settings=\"{&quot;background_background&quot;:&quot;classic&quot;}\">\n\t\t\t\t\t\t<div class=\"elementor-container elementor-column-gap-default\">\n\t\t\t\t\t\t\t<div class=\"elementor-row\">\n\t\t\t\t\t<div class=\"elementor-column elementor-col-100 elementor-top-column elementor-element elementor-element-54a28a7\" data-id=\"54a28a7\" data-element_type=\"column\">\n\t\t\t<div class=\"elementor-column-wrap elementor-element-populated\">\n\t\t\t\t\t\t\t<div class=\"elementor-widget-wrap\">\n\t\t\t\t\t\t<div class=\"elementor-element elementor-element-b7c5128 elementor-widget elementor-widget-heading\" data-id=\"b7c5128\" data-element_type=\"widget\" data-widget_type=\"heading.default\">\n\t\t\t\t<div class=\"elementor-widget-container\">\n\t\t\t<h2 class=\"elementor-heading-title elementor-size-default\">\u00bfTienes dudas?<\/h2>\t\t<\/div>\n\t\t\t\t<\/div>\n\t\t\t\t<div class=\"elementor-element elementor-element-710ec35 elementor-align-center elementor-mobile-align-justify elementor-widget elementor-widget-button\" data-id=\"710ec35\" data-element_type=\"widget\" data-widget_type=\"button.default\">\n\t\t\t\t<div class=\"elementor-widget-container\">\n\t\t\t\t\t<div class=\"elementor-button-wrapper\">\n\t\t\t<a href=\"http:\/\/piedadmoratanutricion.com\/index.php\/300f0-web-agency-contact\/\" class=\"elementor-button-link elementor-button elementor-size-lg\" role=\"button\">\n\t\t\t\t\t\t<span class=\"elementor-button-content-wrapper\">\n\t\t\t\t\t\t<span class=\"elementor-button-text\">CONTACTA CONMIGO<\/span>\n\t\t<\/span>\n\t\t\t\t\t<\/a>\n\t\t<\/div>\n\t\t\t\t<\/div>\n\t\t\t\t<\/div>\n\t\t\t\t\t\t<\/div>\n\t\t\t\t\t<\/div>\n\t\t<\/div>\n\t\t\t\t\t\t\t\t<\/div>\n\t\t\t\t\t<\/div>\n\t\t<\/section>\n\t\t\t\t\t\t<\/div>\n\t\t\t\t\t\t<\/div>\n\t\t\t\t\t<\/div>\n\t\t","protected":false},"excerpt":{"rendered":"<p>PATOLOG\u00cdA DIGESTIVA Se habla mucho de la conexi\u00f3n eje intestino-cerebro y c\u00f3mo canalizamos nuestras emocionales en la \u201ctripa\u201d. Pero con la avanzada detecci\u00f3n de trastornos digestivos funcionales se ha comprobado que los posibles s\u00edntomas que puedas sentir a nivel digestivo no sean debido exclusivamente a \u201cestar nervioso\u201d o a situaciones de estr\u00e9s.\u00a0 Por tanto no&hellip;&nbsp;<a href=\"https:\/\/piedadmoratanutricion.com\/index.php\/patologia-digestiva\/\" class=\"\" rel=\"bookmark\">Leer m\u00e1s &raquo;<span class=\"screen-reader-text\">Patolog\u00eda digestiva<\/span><\/a><\/p>\n","protected":false},"author":1,"featured_media":0,"parent":0,"menu_order":0,"comment_status":"closed","ping_status":"closed","template":"elementor_header_footer","meta":{"neve_meta_sidebar":"full-width","neve_meta_container":"","neve_meta_enable_content_width":"on","neve_meta_content_width":100,"neve_meta_title_alignment":"","neve_meta_author_avatar":"","neve_post_elements_order":"","neve_meta_disable_header":"","neve_meta_disable_footer":"","neve_meta_disable_title":"","_ti_tpc_template_sync":false,"_ti_tpc_template_id":"","footnotes":""},"yoast_head":"<!-- This site is optimized with the Yoast SEO plugin v15.5 - https:\/\/yoast.com\/wordpress\/plugins\/seo\/ -->\n<title>Patolog\u00eda digestiva - Piedad Morata Nutrici\u00f3n<\/title>\n<meta name=\"robots\" content=\"index, follow, max-snippet:-1, max-image-preview:large, max-video-preview:-1\" \/>\n<link rel=\"canonical\" href=\"https:\/\/piedadmoratanutricion.com\/index.php\/patologia-digestiva\/\" \/>\n<meta property=\"og:locale\" content=\"es_ES\" \/>\n<meta property=\"og:type\" content=\"article\" \/>\n<meta property=\"og:title\" content=\"Patolog\u00eda digestiva - Piedad Morata Nutrici\u00f3n\" \/>\n<meta property=\"og:description\" content=\"PATOLOG\u00cdA DIGESTIVA Se habla mucho de la conexi\u00f3n eje intestino-cerebro y c\u00f3mo canalizamos nuestras emocionales en la \u201ctripa\u201d. Pero con la avanzada detecci\u00f3n de trastornos digestivos funcionales se ha comprobado que los posibles s\u00edntomas que puedas sentir a nivel digestivo no sean debido exclusivamente a \u201cestar nervioso\u201d o a situaciones de estr\u00e9s.\u00a0 Por tanto no&hellip;&nbsp;Leer m\u00e1s &raquo;Patolog\u00eda digestiva\" \/>\n<meta property=\"og:url\" content=\"https:\/\/piedadmoratanutricion.com\/index.php\/patologia-digestiva\/\" \/>\n<meta property=\"og:site_name\" content=\"Piedad Morata Nutrici\u00f3n\" \/>\n<meta property=\"article:modified_time\" content=\"2025-01-08T09:30:44+00:00\" \/>\n<meta property=\"og:image\" content=\"http:\/\/piedadmoratanutricion.com\/wp-content\/uploads\/2025\/01\/22-1024x1024.png\" \/>\n<meta name=\"twitter:card\" content=\"summary_large_image\" \/>\n<meta name=\"twitter:label1\" content=\"Tiempo de lectura\">\n\t<meta name=\"twitter:data1\" content=\"1 minuto\">\n<script type=\"application\/ld+json\" class=\"yoast-schema-graph\">{\"@context\":\"https:\/\/schema.org\",\"@graph\":[{\"@type\":\"WebSite\",\"@id\":\"http:\/\/piedadmoratanutricion.com\/#website\",\"url\":\"http:\/\/piedadmoratanutricion.com\/\",\"name\":\"Piedad Morata Nutrici\\u00f3n\",\"description\":\"\",\"potentialAction\":[{\"@type\":\"SearchAction\",\"target\":\"http:\/\/piedadmoratanutricion.com\/?s={search_term_string}\",\"query-input\":\"required name=search_term_string\"}],\"inLanguage\":\"es\"},{\"@type\":\"ImageObject\",\"@id\":\"https:\/\/piedadmoratanutricion.com\/index.php\/patologia-digestiva\/#primaryimage\",\"inLanguage\":\"es\",\"url\":\"http:\/\/piedadmoratanutricion.com\/wp-content\/uploads\/2025\/01\/22-1024x1024.png\"},{\"@type\":\"WebPage\",\"@id\":\"https:\/\/piedadmoratanutricion.com\/index.php\/patologia-digestiva\/#webpage\",\"url\":\"https:\/\/piedadmoratanutricion.com\/index.php\/patologia-digestiva\/\",\"name\":\"Patolog\\u00eda digestiva - Piedad Morata Nutrici\\u00f3n\",\"isPartOf\":{\"@id\":\"http:\/\/piedadmoratanutricion.com\/#website\"},\"primaryImageOfPage\":{\"@id\":\"https:\/\/piedadmoratanutricion.com\/index.php\/patologia-digestiva\/#primaryimage\"},\"datePublished\":\"2025-01-08T04:22:57+00:00\",\"dateModified\":\"2025-01-08T09:30:44+00:00\",\"inLanguage\":\"es\",\"potentialAction\":[{\"@type\":\"ReadAction\",\"target\":[\"https:\/\/piedadmoratanutricion.com\/index.php\/patologia-digestiva\/\"]}]}]}<\/script>\n<!-- \/ Yoast SEO plugin. -->","_links":{"self":[{"href":"https:\/\/piedadmoratanutricion.com\/index.php\/wp-json\/wp\/v2\/pages\/959"}],"collection":[{"href":"https:\/\/piedadmoratanutricion.com\/index.php\/wp-json\/wp\/v2\/pages"}],"about":[{"href":"https:\/\/piedadmoratanutricion.com\/index.php\/wp-json\/wp\/v2\/types\/page"}],"author":[{"embeddable":true,"href":"https:\/\/piedadmoratanutricion.com\/index.php\/wp-json\/wp\/v2\/users\/1"}],"replies":[{"embeddable":true,"href":"https:\/\/piedadmoratanutricion.com\/index.php\/wp-json\/wp\/v2\/comments?post=959"}],"version-history":[{"count":23,"href":"https:\/\/piedadmoratanutricion.com\/index.php\/wp-json\/wp\/v2\/pages\/959\/revisions"}],"predecessor-version":[{"id":1024,"href":"https:\/\/piedadmoratanutricion.com\/index.php\/wp-json\/wp\/v2\/pages\/959\/revisions\/1024"}],"wp:attachment":[{"href":"https:\/\/piedadmoratanutricion.com\/index.php\/wp-json\/wp\/v2\/media?parent=959"}],"curies":[{"name":"wp","href":"https:\/\/api.w.org\/{rel}","templated":true}]}}