{"id":971,"date":"2025-01-08T04:37:20","date_gmt":"2025-01-08T04:37:20","guid":{"rendered":"https:\/\/piedadmoratanutricion.com\/?page_id=971"},"modified":"2025-01-08T12:47:24","modified_gmt":"2025-01-08T12:47:24","slug":"otros-servicios","status":"publish","type":"page","link":"https:\/\/piedadmoratanutricion.com\/index.php\/otros-servicios\/","title":{"rendered":"Otros servicios"},"content":{"rendered":"\t\t<div data-elementor-type=\"wp-page\" data-elementor-id=\"971\" class=\"elementor elementor-971\" data-elementor-settings=\"[]\">\n\t\t\t\t\t\t<div class=\"elementor-inner\">\n\t\t\t\t\t\t\t<div class=\"elementor-section-wrap\">\n\t\t\t\t\t\t\t<section class=\"elementor-section elementor-top-section elementor-element elementor-element-95dfe33 elementor-section-boxed elementor-section-height-default elementor-section-height-default\" data-id=\"95dfe33\" data-element_type=\"section\">\n\t\t\t\t\t\t<div class=\"elementor-container elementor-column-gap-default\">\n\t\t\t\t\t\t\t<div class=\"elementor-row\">\n\t\t\t\t\t<div class=\"elementor-column elementor-col-50 elementor-top-column elementor-element elementor-element-a926e3d\" data-id=\"a926e3d\" data-element_type=\"column\">\n\t\t\t<div class=\"elementor-column-wrap elementor-element-populated\">\n\t\t\t\t\t\t\t<div class=\"elementor-widget-wrap\">\n\t\t\t\t\t\t<div class=\"elementor-element elementor-element-b052411 elementor-widget elementor-widget-heading\" data-id=\"b052411\" data-element_type=\"widget\" data-widget_type=\"heading.default\">\n\t\t\t\t<div class=\"elementor-widget-container\">\n\t\t\t<h1 class=\"elementor-heading-title elementor-size-default\">OTROS SERVICIOS<\/h1>\t\t<\/div>\n\t\t\t\t<\/div>\n\t\t\t\t<div class=\"elementor-element elementor-element-cebed55 elementor-widget elementor-widget-text-editor\" data-id=\"cebed55\" data-element_type=\"widget\" data-widget_type=\"text-editor.default\">\n\t\t\t\t<div class=\"elementor-widget-container\">\n\t\t\t\t\t<div class=\"elementor-text-editor elementor-clearfix\"><\/div>\n\t\t\t\t<\/div>\n\t\t\t\t<\/div>\n\t\t\t\t\t\t<\/div>\n\t\t\t\t\t<\/div>\n\t\t<\/div>\n\t\t\t\t<div class=\"elementor-column elementor-col-50 elementor-top-column elementor-element elementor-element-46c5b2b\" data-id=\"46c5b2b\" data-element_type=\"column\">\n\t\t\t<div class=\"elementor-column-wrap\">\n\t\t\t\t\t\t\t<div class=\"elementor-widget-wrap\">\n\t\t\t\t\t\t\t\t<\/div>\n\t\t\t\t\t<\/div>\n\t\t<\/div>\n\t\t\t\t\t\t\t\t<\/div>\n\t\t\t\t\t<\/div>\n\t\t<\/section>\n\t\t\t\t<section class=\"elementor-section elementor-top-section elementor-element elementor-element-3c6591e elementor-section-boxed elementor-section-height-default elementor-section-height-default\" data-id=\"3c6591e\" data-element_type=\"section\" data-settings=\"{&quot;background_background&quot;:&quot;classic&quot;}\">\n\t\t\t\t\t\t<div class=\"elementor-container elementor-column-gap-default\">\n\t\t\t\t\t\t\t<div class=\"elementor-row\">\n\t\t\t\t\t<div class=\"elementor-column elementor-col-100 elementor-top-column elementor-element elementor-element-95e3364\" data-id=\"95e3364\" data-element_type=\"column\">\n\t\t\t<div class=\"elementor-column-wrap elementor-element-populated\">\n\t\t\t\t\t\t\t<div class=\"elementor-widget-wrap\">\n\t\t\t\t\t\t<section class=\"elementor-section elementor-inner-section elementor-element elementor-element-a6e9fc1 elementor-section-boxed elementor-section-height-default elementor-section-height-default\" data-id=\"a6e9fc1\" data-element_type=\"section\">\n\t\t\t\t\t\t<div class=\"elementor-container elementor-column-gap-default\">\n\t\t\t\t\t\t\t<div class=\"elementor-row\">\n\t\t\t\t\t<div class=\"elementor-column elementor-col-50 elementor-inner-column elementor-element elementor-element-cb297ed\" data-id=\"cb297ed\" data-element_type=\"column\">\n\t\t\t<div class=\"elementor-column-wrap elementor-element-populated\">\n\t\t\t\t\t\t\t<div class=\"elementor-widget-wrap\">\n\t\t\t\t\t\t<div class=\"elementor-element elementor-element-e23b0dc elementor-widget elementor-widget-image\" data-id=\"e23b0dc\" data-element_type=\"widget\" data-widget_type=\"image.default\">\n\t\t\t\t<div class=\"elementor-widget-container\">\n\t\t\t\t\t<div class=\"elementor-image\">\n\t\t\t\t\t\t\t\t\t\t<img loading=\"lazy\" decoding=\"async\" width=\"1024\" height=\"681\" src=\"https:\/\/piedadmoratanutricion.com\/wp-content\/uploads\/2020\/12\/BLOG-inicio-seccio\u0301n-4-1024x681.jpg\" class=\"attachment-large size-large\" alt=\"\" srcset=\"https:\/\/piedadmoratanutricion.com\/wp-content\/uploads\/2020\/12\/BLOG-inicio-seccio\u0301n-4-1024x681.jpg 1024w, https:\/\/piedadmoratanutricion.com\/wp-content\/uploads\/2020\/12\/BLOG-inicio-seccio\u0301n-4-300x200.jpg 300w, https:\/\/piedadmoratanutricion.com\/wp-content\/uploads\/2020\/12\/BLOG-inicio-seccio\u0301n-4-768x511.jpg 768w, https:\/\/piedadmoratanutricion.com\/wp-content\/uploads\/2020\/12\/BLOG-inicio-seccio\u0301n-4-1536x1021.jpg 1536w, https:\/\/piedadmoratanutricion.com\/wp-content\/uploads\/2020\/12\/BLOG-inicio-seccio\u0301n-4-2048x1362.jpg 2048w\" sizes=\"(max-width: 1024px) 100vw, 1024px\" \/>\t\t\t\t\t\t\t\t\t\t\t<\/div>\n\t\t\t\t<\/div>\n\t\t\t\t<\/div>\n\t\t\t\t\t\t<\/div>\n\t\t\t\t\t<\/div>\n\t\t<\/div>\n\t\t\t\t<div class=\"elementor-column elementor-col-50 elementor-inner-column elementor-element elementor-element-366d600\" data-id=\"366d600\" data-element_type=\"column\">\n\t\t\t<div class=\"elementor-column-wrap elementor-element-populated\">\n\t\t\t\t\t\t\t<div class=\"elementor-widget-wrap\">\n\t\t\t\t\t\t<div class=\"elementor-element elementor-element-bab6d61 elementor-widget elementor-widget-heading\" data-id=\"bab6d61\" data-element_type=\"widget\" data-widget_type=\"heading.default\">\n\t\t\t\t<div class=\"elementor-widget-container\">\n\t\t\t<h2 class=\"elementor-heading-title elementor-size-default\">Te puede interesar:<\/h2>\t\t<\/div>\n\t\t\t\t<\/div>\n\t\t\t\t<div class=\"elementor-element elementor-element-2425a8a elementor-widget elementor-widget-text-editor\" data-id=\"2425a8a\" data-element_type=\"widget\" data-widget_type=\"text-editor.default\">\n\t\t\t\t<div class=\"elementor-widget-container\">\n\t\t\t\t\t<div class=\"elementor-text-editor elementor-clearfix\"><ul>\n<li style=\"font-weight: 400;\" aria-level=\"1\"><span style=\"font-weight: 400;\">SALUD HORMONAL EN LA MUJER: b\u00fasqueda de embarazo, eta de menopausia (tratamiento de los s\u00edntomas)&nbsp;<\/span><\/li>\n<li style=\"font-weight: 400;\" aria-level=\"1\"><span style=\"font-weight: 400;\">TRASTORNOS DE LA CONDUCTA ALIMENTARIA: servicio ligado al tratamiento psiconutricional con el apoyo psicol\u00f3gico<\/span><\/li>\n<li style=\"font-weight: 400;\" aria-level=\"1\"><span style=\"font-weight: 400;\">LIPEDEMA: dieta para la mejor\u00eda del estado de lipedema y mejora de la distribuci\u00f3n corporal de grasa.&nbsp;<\/span><\/li>\n<\/ul><\/div>\n\t\t\t\t<\/div>\n\t\t\t\t<\/div>\n\t\t\t\t\t\t<\/div>\n\t\t\t\t\t<\/div>\n\t\t<\/div>\n\t\t\t\t\t\t\t\t<\/div>\n\t\t\t\t\t<\/div>\n\t\t<\/section>\n\t\t\t\t\t\t<\/div>\n\t\t\t\t\t<\/div>\n\t\t<\/div>\n\t\t\t\t\t\t\t\t<\/div>\n\t\t\t\t\t<\/div>\n\t\t<\/section>\n\t\t\t\t<section class=\"elementor-section elementor-top-section elementor-element elementor-element-580c20d elementor-section-boxed elementor-section-height-default elementor-section-height-default\" data-id=\"580c20d\" data-element_type=\"section\" data-settings=\"{&quot;background_background&quot;:&quot;classic&quot;}\">\n\t\t\t\t\t\t<div class=\"elementor-container elementor-column-gap-default\">\n\t\t\t\t\t\t\t<div class=\"elementor-row\">\n\t\t\t\t\t<div class=\"elementor-column elementor-col-100 elementor-top-column elementor-element elementor-element-3224036\" data-id=\"3224036\" data-element_type=\"column\">\n\t\t\t<div class=\"elementor-column-wrap elementor-element-populated\">\n\t\t\t\t\t\t\t<div class=\"elementor-widget-wrap\">\n\t\t\t\t\t\t<section class=\"elementor-section elementor-inner-section elementor-element elementor-element-4225d85 elementor-section-boxed elementor-section-height-default elementor-section-height-default\" data-id=\"4225d85\" data-element_type=\"section\">\n\t\t\t\t\t\t<div class=\"elementor-container elementor-column-gap-default\">\n\t\t\t\t\t\t\t<div class=\"elementor-row\">\n\t\t\t\t\t<div class=\"elementor-column elementor-col-50 elementor-inner-column elementor-element elementor-element-2a11c46\" data-id=\"2a11c46\" data-element_type=\"column\">\n\t\t\t<div class=\"elementor-column-wrap elementor-element-populated\">\n\t\t\t\t\t\t\t<div class=\"elementor-widget-wrap\">\n\t\t\t\t\t\t<div class=\"elementor-element elementor-element-e1c2c83 elementor-widget elementor-widget-text-editor\" data-id=\"e1c2c83\" data-element_type=\"widget\" data-widget_type=\"text-editor.default\">\n\t\t\t\t<div class=\"elementor-widget-container\">\n\t\t\t\t\t<div class=\"elementor-text-editor elementor-clearfix\"><\/div>\n\t\t\t\t<\/div>\n\t\t\t\t<\/div>\n\t\t\t\t\t\t<\/div>\n\t\t\t\t\t<\/div>\n\t\t<\/div>\n\t\t\t\t<div class=\"elementor-column elementor-col-50 elementor-inner-column elementor-element elementor-element-cafd7d7\" data-id=\"cafd7d7\" data-element_type=\"column\">\n\t\t\t<div class=\"elementor-column-wrap elementor-element-populated\">\n\t\t\t\t\t\t\t<div class=\"elementor-widget-wrap\">\n\t\t\t\t\t\t\t\t<\/div>\n\t\t\t\t\t<\/div>\n\t\t<\/div>\n\t\t\t\t\t\t\t\t<\/div>\n\t\t\t\t\t<\/div>\n\t\t<\/section>\n\t\t\t\t\t\t<\/div>\n\t\t\t\t\t<\/div>\n\t\t<\/div>\n\t\t\t\t\t\t\t\t<\/div>\n\t\t\t\t\t<\/div>\n\t\t<\/section>\n\t\t\t\t<section class=\"elementor-section elementor-top-section elementor-element elementor-element-a243e3d elementor-section-boxed elementor-section-height-default elementor-section-height-default\" data-id=\"a243e3d\" data-element_type=\"section\" data-settings=\"{&quot;background_background&quot;:&quot;classic&quot;}\">\n\t\t\t\t\t\t<div class=\"elementor-container elementor-column-gap-default\">\n\t\t\t\t\t\t\t<div class=\"elementor-row\">\n\t\t\t\t\t<div class=\"elementor-column elementor-col-100 elementor-top-column elementor-element elementor-element-54a28a7\" data-id=\"54a28a7\" data-element_type=\"column\">\n\t\t\t<div class=\"elementor-column-wrap elementor-element-populated\">\n\t\t\t\t\t\t\t<div class=\"elementor-widget-wrap\">\n\t\t\t\t\t\t<div class=\"elementor-element elementor-element-b7c5128 elementor-widget elementor-widget-heading\" data-id=\"b7c5128\" data-element_type=\"widget\" data-widget_type=\"heading.default\">\n\t\t\t\t<div class=\"elementor-widget-container\">\n\t\t\t<h2 class=\"elementor-heading-title elementor-size-default\">\u00bfTienes dudas?<\/h2>\t\t<\/div>\n\t\t\t\t<\/div>\n\t\t\t\t<div class=\"elementor-element elementor-element-710ec35 elementor-align-center elementor-mobile-align-justify elementor-widget elementor-widget-button\" data-id=\"710ec35\" data-element_type=\"widget\" data-widget_type=\"button.default\">\n\t\t\t\t<div class=\"elementor-widget-container\">\n\t\t\t\t\t<div class=\"elementor-button-wrapper\">\n\t\t\t<a href=\"http:\/\/piedadmoratanutricion.com\/index.php\/300f0-web-agency-contact\/\" class=\"elementor-button-link elementor-button elementor-size-lg\" role=\"button\">\n\t\t\t\t\t\t<span class=\"elementor-button-content-wrapper\">\n\t\t\t\t\t\t<span class=\"elementor-button-text\">CONTACTA CONMIGO<\/span>\n\t\t<\/span>\n\t\t\t\t\t<\/a>\n\t\t<\/div>\n\t\t\t\t<\/div>\n\t\t\t\t<\/div>\n\t\t\t\t\t\t<\/div>\n\t\t\t\t\t<\/div>\n\t\t<\/div>\n\t\t\t\t\t\t\t\t<\/div>\n\t\t\t\t\t<\/div>\n\t\t<\/section>\n\t\t\t\t\t\t<\/div>\n\t\t\t\t\t\t<\/div>\n\t\t\t\t\t<\/div>\n\t\t","protected":false},"excerpt":{"rendered":"<p>OTROS SERVICIOS Te puede interesar: SALUD HORMONAL EN LA MUJER: b\u00fasqueda de embarazo, eta de menopausia (tratamiento de los s\u00edntomas)&nbsp; TRASTORNOS DE LA CONDUCTA ALIMENTARIA: servicio ligado al tratamiento psiconutricional con el apoyo psicol\u00f3gico LIPEDEMA: dieta para la mejor\u00eda del estado de lipedema y mejora de la distribuci\u00f3n corporal de grasa.&nbsp; \u00bfTienes dudas? CONTACTA CONMIGO<\/p>\n","protected":false},"author":1,"featured_media":0,"parent":0,"menu_order":0,"comment_status":"closed","ping_status":"closed","template":"elementor_header_footer","meta":{"neve_meta_sidebar":"full-width","neve_meta_container":"","neve_meta_enable_content_width":"on","neve_meta_content_width":100,"neve_meta_title_alignment":"","neve_meta_author_avatar":"","neve_post_elements_order":"","neve_meta_disable_header":"","neve_meta_disable_footer":"","neve_meta_disable_title":"","_ti_tpc_template_sync":false,"_ti_tpc_template_id":"","footnotes":""},"yoast_head":"<!-- This site is optimized with the Yoast SEO plugin v15.5 - https:\/\/yoast.com\/wordpress\/plugins\/seo\/ -->\n<title>Otros servicios - Piedad Morata Nutrici\u00f3n<\/title>\n<meta name=\"robots\" content=\"index, follow, max-snippet:-1, max-image-preview:large, max-video-preview:-1\" \/>\n<link rel=\"canonical\" href=\"https:\/\/piedadmoratanutricion.com\/index.php\/otros-servicios\/\" \/>\n<meta property=\"og:locale\" content=\"es_ES\" \/>\n<meta property=\"og:type\" content=\"article\" \/>\n<meta property=\"og:title\" content=\"Otros servicios - Piedad Morata Nutrici\u00f3n\" \/>\n<meta property=\"og:description\" content=\"OTROS SERVICIOS Te puede interesar: SALUD HORMONAL EN LA MUJER: b\u00fasqueda de embarazo, eta de menopausia (tratamiento de los s\u00edntomas)&nbsp; TRASTORNOS DE LA CONDUCTA ALIMENTARIA: servicio ligado al tratamiento psiconutricional con el apoyo psicol\u00f3gico LIPEDEMA: dieta para la mejor\u00eda del estado de lipedema y mejora de la distribuci\u00f3n corporal de grasa.&nbsp; \u00bfTienes dudas? CONTACTA CONMIGO\" \/>\n<meta property=\"og:url\" content=\"https:\/\/piedadmoratanutricion.com\/index.php\/otros-servicios\/\" \/>\n<meta property=\"og:site_name\" content=\"Piedad Morata Nutrici\u00f3n\" \/>\n<meta property=\"article:modified_time\" content=\"2025-01-08T12:47:24+00:00\" \/>\n<meta property=\"og:image\" content=\"http:\/\/piedadmoratanutricion.com\/wp-content\/uploads\/2020\/12\/BLOG-inicio-seccio\u0301n-4-1024x681.jpg\" \/>\n<meta name=\"twitter:card\" content=\"summary_large_image\" \/>\n<meta name=\"twitter:label1\" content=\"Tiempo de lectura\">\n\t<meta name=\"twitter:data1\" content=\"0 minutos\">\n<script type=\"application\/ld+json\" class=\"yoast-schema-graph\">{\"@context\":\"https:\/\/schema.org\",\"@graph\":[{\"@type\":\"WebSite\",\"@id\":\"http:\/\/piedadmoratanutricion.com\/#website\",\"url\":\"http:\/\/piedadmoratanutricion.com\/\",\"name\":\"Piedad Morata Nutrici\\u00f3n\",\"description\":\"\",\"potentialAction\":[{\"@type\":\"SearchAction\",\"target\":\"http:\/\/piedadmoratanutricion.com\/?s={search_term_string}\",\"query-input\":\"required name=search_term_string\"}],\"inLanguage\":\"es\"},{\"@type\":\"ImageObject\",\"@id\":\"https:\/\/piedadmoratanutricion.com\/index.php\/otros-servicios\/#primaryimage\",\"inLanguage\":\"es\",\"url\":\"http:\/\/piedadmoratanutricion.com\/wp-content\/uploads\/2020\/12\/BLOG-inicio-seccio\\u0301n-4-1024x681.jpg\"},{\"@type\":\"WebPage\",\"@id\":\"https:\/\/piedadmoratanutricion.com\/index.php\/otros-servicios\/#webpage\",\"url\":\"https:\/\/piedadmoratanutricion.com\/index.php\/otros-servicios\/\",\"name\":\"Otros servicios - Piedad Morata Nutrici\\u00f3n\",\"isPartOf\":{\"@id\":\"http:\/\/piedadmoratanutricion.com\/#website\"},\"primaryImageOfPage\":{\"@id\":\"https:\/\/piedadmoratanutricion.com\/index.php\/otros-servicios\/#primaryimage\"},\"datePublished\":\"2025-01-08T04:37:20+00:00\",\"dateModified\":\"2025-01-08T12:47:24+00:00\",\"inLanguage\":\"es\",\"potentialAction\":[{\"@type\":\"ReadAction\",\"target\":[\"https:\/\/piedadmoratanutricion.com\/index.php\/otros-servicios\/\"]}]}]}<\/script>\n<!-- \/ Yoast SEO plugin. -->","_links":{"self":[{"href":"https:\/\/piedadmoratanutricion.com\/index.php\/wp-json\/wp\/v2\/pages\/971"}],"collection":[{"href":"https:\/\/piedadmoratanutricion.com\/index.php\/wp-json\/wp\/v2\/pages"}],"about":[{"href":"https:\/\/piedadmoratanutricion.com\/index.php\/wp-json\/wp\/v2\/types\/page"}],"author":[{"embeddable":true,"href":"https:\/\/piedadmoratanutricion.com\/index.php\/wp-json\/wp\/v2\/users\/1"}],"replies":[{"embeddable":true,"href":"https:\/\/piedadmoratanutricion.com\/index.php\/wp-json\/wp\/v2\/comments?post=971"}],"version-history":[{"count":20,"href":"https:\/\/piedadmoratanutricion.com\/index.php\/wp-json\/wp\/v2\/pages\/971\/revisions"}],"predecessor-version":[{"id":1045,"href":"https:\/\/piedadmoratanutricion.com\/index.php\/wp-json\/wp\/v2\/pages\/971\/revisions\/1045"}],"wp:attachment":[{"href":"https:\/\/piedadmoratanutricion.com\/index.php\/wp-json\/wp\/v2\/media?parent=971"}],"curies":[{"name":"wp","href":"https:\/\/api.w.org\/{rel}","templated":true}]}}